{"id":1127,"date":"2025-08-13T08:30:50","date_gmt":"2025-08-13T06:30:50","guid":{"rendered":"https:\/\/patriktheguide.com\/allgemeine-geschaeftsbedingungen\/"},"modified":"2025-08-13T08:31:53","modified_gmt":"2025-08-13T06:31:53","slug":"allgemeine-geschaeftsbedingungen","status":"publish","type":"page","link":"https:\/\/patriktheguide.com\/de\/allgemeine-geschaeftsbedingungen\/","title":{"rendered":"Allgemeine Gesch\u00e4ftsbedingungen"},"content":{"rendered":"\t\t<div data-elementor-type=\"wp-page\" data-elementor-id=\"1127\" class=\"elementor elementor-1127 elementor-1121\">\n\t\t\t\t\t\t\t\t\t<section class=\"elementor-section elementor-top-section elementor-element elementor-element-218b04ad elementor-section-height-min-height elementor-section-boxed elementor-section-height-default elementor-section-items-middle\" data-id=\"218b04ad\" data-element_type=\"section\" data-settings=\"{&quot;background_background&quot;:&quot;classic&quot;,&quot;shape_divider_bottom&quot;:&quot;triangle&quot;,&quot;shape_divider_bottom_negative&quot;:&quot;yes&quot;}\">\n\t\t\t\t\t\t\t<div class=\"elementor-background-overlay\"><\/div>\n\t\t\t\t\t\t<div class=\"elementor-shape elementor-shape-bottom\" data-negative=\"true\">\n\t\t\t<svg xmlns=\"http:\/\/www.w3.org\/2000\/svg\" viewBox=\"0 0 1000 100\" preserveAspectRatio=\"none\">\n\t<path class=\"elementor-shape-fill\" d=\"M500.2,94.7L0,0v100h1000V0L500.2,94.7z\"\/>\n<\/svg>\t\t<\/div>\n\t\t\t\t\t<div class=\"elementor-container elementor-column-gap-default\">\n\t\t\t\t\t<div class=\"elementor-column elementor-col-100 elementor-top-column elementor-element elementor-element-5958d416\" data-id=\"5958d416\" data-element_type=\"column\">\n\t\t\t<div class=\"elementor-widget-wrap elementor-element-populated\">\n\t\t\t\t\t\t\t\t<div class=\"elementor-element elementor-element-6af8690 elementor-widget elementor-widget-heading\" data-id=\"6af8690\" data-element_type=\"widget\" data-widget_type=\"heading.default\">\n\t\t\t\t<div class=\"elementor-widget-container\">\n\t\t\t<h1 class=\"elementor-heading-title elementor-size-default\">Allgemeine Gesch\u00e4ftsbedingungen<\/h1>\t\t<\/div>\n\t\t\t\t<\/div>\n\t\t\t\t<div class=\"elementor-element elementor-element-719cffac elementor-widget elementor-widget-breadcrumbs\" data-id=\"719cffac\" data-element_type=\"widget\" data-widget_type=\"breadcrumbs.default\">\n\t\t\t\t<div class=\"elementor-widget-container\">\n\t\t\t<p id=\"breadcrumbs\"><span><span><a href=\"https:\/\/patriktheguide.com\/de\/\">Domovsk\u00e1 str\u00e1nka<\/a><\/span><\/p>\t\t<\/div>\n\t\t\t\t<\/div>\n\t\t\t\t\t<\/div>\n\t\t<\/div>\n\t\t\t\t\t\t\t<\/div>\n\t\t<\/section>\n\t\t\t\t<section class=\"elementor-section elementor-top-section elementor-element elementor-element-4196c92 elementor-section-boxed elementor-section-height-default elementor-section-height-default\" data-id=\"4196c92\" data-element_type=\"section\">\n\t\t\t\t\t\t<div class=\"elementor-container elementor-column-gap-default\">\n\t\t\t\t\t<div class=\"elementor-column elementor-col-100 elementor-top-column elementor-element elementor-element-2bd8c6d\" data-id=\"2bd8c6d\" data-element_type=\"column\">\n\t\t\t<div class=\"elementor-widget-wrap elementor-element-populated\">\n\t\t\t\t\t\t\t\t<div class=\"elementor-element elementor-element-5acd03e elementor-widget elementor-widget-text-editor\" data-id=\"5acd03e\" data-element_type=\"widget\" data-widget_type=\"text-editor.default\">\n\t\t\t\t<div class=\"elementor-widget-container\">\n\t\t\t\t\t\t\t<p><b>Artikel I<\/b><\/p>\n<p><b>Einleitende Bestimmungen<\/b><\/p>\n<p>1. \u00a0 \u00a0 \u00a0 \u00a0 Die Rechtsbeziehungen, die zwischen dem Anbieter der Dienstleistung, insbesondere, aber nicht ausschlie\u00dflich, der Dienstleistungen des Fremdenf\u00fchrers, der Gesellschaft Patrik the Guide s. r. o., mit Sitz in Tur\u010dianska 1161\/34, 821 09 Bratislava &#8211; Ru\u017einov, ID Nr.: 56 113 200, eingetragen im Handelsregister des Stadtgerichts Bratislava III, Abteilung: Sro, Einlage Nr.: 176886\/B, handelnd durch den Gesch\u00e4ftsf\u00fchrer: Patrik Rentka (nachstehend \u201eAnbieter\u201c genannt) und der Kunde (nachstehend \u201aKunde\u2018 genannt) richten sich nach diesen Allgemeinen Gesch\u00e4ftsbedingungen (nachstehend \u201eAGB\u201c genannt) und den einschl\u00e4gigen Rechtsvorschriften, die auf dem Gebiet der Slowakischen Republik oder der Europ\u00e4ischen Union gelten.<\/p>\n<p>2. Der Anbieter und der Kunde k\u00f6nnen in der Bestellung oder in einem anderen schriftlichen Dokument, das von beiden Parteien unterzeichnet wurde, ihre Rechte und Pflichten abweichend von den Bestimmungen dieser AGB regeln. Im Falle einer Meinungsverschiedenheit gilt die sp\u00e4ter vereinbarte \u00c4nderung.<\/p>\n<p><b>Artikel II<\/b><\/p>\n<p><b>Art der Bestellung von Dienstleistungen<\/b><\/p>\n<p>Die Dienstleistungen des Anbieters k\u00f6nnen per E-Mail, Telefon oder schriftlich bestellt werden.<\/p>\n<p>2. Die Dienstleistungsbestellung muss folgende Angaben enthalten:<\/p>\n<p>a) Identifikation des Kunden und dessen E-Mail- und Telefonkontakt,<\/p>\n<p>b) Rechnungsinformationen, falls der Kunde eine Rechnung w\u00fcnscht,<\/p>\n<p>c) Identifikation der gew\u00fcnschten Dienstleistung,<\/p>\n<p>d) Frist f\u00fcr die Erbringung der Dienstleistung.<\/p>\n<p>3. Die Bestellung des Kunden ist f\u00fcr die Parteien erst dann verbindlich, wenn sie vom Anbieter per E-Mail oder schriftlich angenommen wurde, wobei in der Mitteilung der Parteien eine Vereinbarung \u00fcber die Bestimmbarkeit des Preises der Dienstleistung enthalten sein muss.<\/p>\n<p><b>Artikel III<\/b><\/p>\n<p><b>Stornogeb\u00fchren<\/b><\/p>\n<p>Der Kunde nimmt zur Kenntnis, dass der Kunde die Bestellung jederzeit vor dem vereinbarten Liefertermin der Dienstleistungen stornieren kann und der Anbieter keine Stornogeb\u00fchren berechnet, aber wenn der Kunde die Bestellung 24 Stunden vor der Lieferung der Dienstleistung oder eines Teils davon storniert, hat der Anbieter das Recht, eine Stornogeb\u00fchr in H\u00f6he von 100% des Preises der Dienstleistung zu berechnen.<\/p>\n<p><b>Artikel IV<\/b><\/p>\n<p><b>Zahlungsbedingungen<\/b><\/p>\n<p>Der Auftraggeber ist verpflichtet, die Dienstleistungen des Auftragnehmers fristgerecht und ordnungsgem\u00e4\u00df zu bezahlen.<\/p>\n<p>Der Preis f\u00fcr die vom Dienstverpflichteten erbrachten Dienstleistungen ist sofort nach der Erbringung der Dienstleistungen durch den Dienstverpflichteten in bar in die H\u00e4nde des Dienstverpflichteten auf der Grundlage eines Steuerbelegs zu zahlen, es sei denn, zwischen dem Dienstberechtigten und dem Dienstverpflichteten wurde etwas anderes vereinbart.<\/p>\n<p>Der Preis f\u00fcr die vom Dienstleister erbrachten Dienstleistungen ist bei bargeldloser Zahlung innerhalb der auf der vom Dienstleister ausgestellten Rechnung angegebenen F\u00e4lligkeit zu zahlen, die an dem Tag als bezahlt gilt, an dem der betreffende Betrag auf dem Bankkonto des Dienstleisters gutgeschrieben wird.<\/p>\n<p>Der Kunde nimmt zur Kenntnis, dass der Dienstleister bei Nichtzahlung des Preises f\u00fcr die Dienstleistungen oder eines Teils davon zum F\u00e4lligkeitsdatum oder innerhalb der von den Parteien vereinbarten Frist das Recht hat, Verzugszinsen in H\u00f6he von 0,05 % des geschuldeten Betrags f\u00fcr jeden Verzugstag zu verlangen.<\/p>\n<p><b>Artikel V<\/b><\/p>\n<p><b>Lieferbedingungen<\/b><\/p>\n<p>Der Anbieter liefert die Dienstleistung an dem von den Parteien vereinbarten Ort und Zeitpunkt.<\/p>\n<p>Sollte der Anbieter nicht in der Lage sein, dem Kunden die bestellte Dienstleistung innerhalb der vereinbarten Zeit zu erbringen, ist es m\u00f6glich, das Datum der Lieferung der bestellten Dienstleistung in Absprache mit dem Kunden zu \u00e4ndern. Kommt keine Einigung \u00fcber die \u00c4nderung des Liefertermins der bestellten Dienstleistung zustande, hat der Kunde das Recht, vom Vertrag zur\u00fcckzutreten, und die vom Kunden an den Anbieter geleistete Zahlung wird dem Kunden zur\u00fcckerstattet.<\/p>\n<p><b>Artikel VI<\/b><\/p>\n<p><b>Sonstige Vereinbarungen<\/b><\/p>\n<p>(1) Der Kunde nimmt zur Kenntnis, dass eine Versp\u00e4tung von mehr als _____________ Minuten zum vereinbarten Treffpunkt als Stornierung des Auftrags gilt und der Anbieter das Recht hat, eine Stornogeb\u00fchr in H\u00f6he von 100 % des Preises der Dienstleistung zu berechnen.<\/p>\n<p>Der Kunde ist verpflichtet, die Sicherheitsanweisungen des Anbieters bei der Erbringung von Reiseleiterleistungen zu beachten. Der Anbieter haftet nicht f\u00fcr das Leben und die Gesundheit des Kunden und f\u00fcr dessen Eigentum. Der Kunde erkennt an, dass er w\u00e4hrend des Vertragsverh\u00e4ltnisses mit dem Anbieter auf eigenes Risiko handelt.<\/p>\n<p>Der Kunde nimmt zur Kenntnis, dass er verpflichtet ist, f\u00fcr alle durch sein Verschulden verursachten Sch\u00e4den aufzukommen.<\/p>\n<p>Der Kunde nimmt zur Kenntnis, dass die Verwendung von Tonaufnahmeger\u00e4ten w\u00e4hrend der Erbringung von Dienstleistungen durch den Anbieter untersagt ist. Der Kunde ist nicht berechtigt, Materialien oder Unterlagen im Zusammenhang mit den Dienstleistungen des Anbieters zu verwenden, zu kopieren oder zu vervielf\u00e4ltigen.<\/p>\n<p><b>Artikel VII<\/b><\/p>\n<p><b>Reklamationen<\/b><\/p>\n<p>Der Kunde ist verpflichtet, Reklamationen \u00fcber die vom Anbieter erbrachte Leistung unverz\u00fcglich direkt am Ort der Leistungserbringung vorzubringen.<\/p>\n<p><b>Artikel VIII<\/b><\/p>\n<p><b>Beendigung des Vertragsverh\u00e4ltnisses<\/b><\/p>\n<p>1. Der Anbieter ist berechtigt, das Vertragsverh\u00e4ltnis zu k\u00fcndigen, wenn:<\/p>\n<p>a) auf Seiten des Kunden Umst\u00e4nde eingetreten sind, die begr\u00fcndete Zweifel des Anbieters an der M\u00f6glichkeit der rechtzeitigen und vollst\u00e4ndigen Erf\u00fcllung aller Verpflichtungen und Zusagen durch den Kunden rechtfertigen,<\/p>\n<p>b) wenn der Kunde die in diesen AGB festgelegten Bedingungen nicht einh\u00e4lt,<\/p>\n<p>c) in anderen F\u00e4llen, in denen dies nach diesen AGB, der Bestellung oder allgemein verbindlichen Rechtsvorschriften zul\u00e4ssig ist.<\/p>\n<p>Der R\u00fccktritt vom Vertragsverh\u00e4ltnis l\u00e4sst das Recht auf Schadenersatz, Vertragsstrafen und andere Sanktionen unber\u00fchrt.<\/p>\n<p><b>Artikel IX<\/b><\/p>\n<p><b>Schlussbestimmungen<\/b><\/p>\n<p>Diese Allgemeinen Gesch\u00e4ftsbedingungen sind ab dem 1. Januar 2025 verbindlich.<\/p>\n<p>Der Anbieter ist berechtigt, den Inhalt der AGB jederzeit ohne Vorank\u00fcndigung zu \u00e4ndern, sie werden jedoch erst mit der Ver\u00f6ffentlichung der neuen Fassung der AGB auf der Website des Anbieters https:\/\/patriktheguide.com\/ f\u00fcr den Kunden verbindlich.<\/p>\n<p>Der Kunde nimmt zur Kenntnis, dass die Verarbeitung seiner personenbezogenen Daten durch die auf der unter Punkt 2 genannten Website des Anbieters ver\u00f6ffentlichten Datenschutzbestimmungen geregelt wird.<\/p>\n\t\t\t\t\t\t<\/div>\n\t\t\t\t<\/div>\n\t\t\t\t\t<\/div>\n\t\t<\/div>\n\t\t\t\t\t\t\t<\/div>\n\t\t<\/section>\n\t\t\t\t\t\t\t<\/div>\n\t\t","protected":false},"excerpt":{"rendered":"<p>Artikel I Einleitende Bestimmungen 1. \u00a0 \u00a0 \u00a0 \u00a0 Die Rechtsbeziehungen, die zwischen dem Anbieter der Dienstleistung, insbesondere, aber nicht ausschlie\u00dflich, der Dienstleistungen des Fremdenf\u00fchrers, der Gesellschaft Patrik the Guide s. r. o., mit Sitz in Tur\u010dianska 1161\/34, 821 09 Bratislava &#8211; Ru\u017einov, ID Nr.: 56 113 200, eingetragen im Handelsregister des Stadtgerichts Bratislava III, [&hellip;]<\/p>\n","protected":false},"author":1,"featured_media":0,"parent":0,"menu_order":0,"comment_status":"closed","ping_status":"closed","template":"","meta":{"footnotes":""},"class_list":["post-1127","page","type-page","status-publish","hentry"],"acf":[],"yoast_head":"<!-- This site is optimized with the Yoast SEO plugin v19.6 - https:\/\/yoast.com\/wordpress\/plugins\/seo\/ -->\n<title>Allgemeine Gesch\u00e4ftsbedingungen - Patrick the Guide<\/title>\n<meta name=\"robots\" content=\"index, follow, max-snippet:-1, max-image-preview:large, max-video-preview:-1\" \/>\n<link rel=\"canonical\" href=\"https:\/\/patriktheguide.com\/de\/allgemeine-geschaeftsbedingungen\/\" \/>\n<meta property=\"og:locale\" content=\"de_DE\" \/>\n<meta property=\"og:type\" content=\"article\" \/>\n<meta property=\"og:title\" content=\"Allgemeine Gesch\u00e4ftsbedingungen - Patrick the Guide\" \/>\n<meta property=\"og:description\" content=\"Artikel I Einleitende Bestimmungen 1. \u00a0 \u00a0 \u00a0 \u00a0 Die Rechtsbeziehungen, die zwischen dem Anbieter der Dienstleistung, insbesondere, aber nicht ausschlie\u00dflich, der Dienstleistungen des Fremdenf\u00fchrers, der Gesellschaft Patrik the Guide s. r. o., mit Sitz in Tur\u010dianska 1161\/34, 821 09 Bratislava &#8211; Ru\u017einov, ID Nr.: 56 113 200, eingetragen im Handelsregister des Stadtgerichts Bratislava III, [&hellip;]\" \/>\n<meta property=\"og:url\" content=\"https:\/\/patriktheguide.com\/de\/allgemeine-geschaeftsbedingungen\/\" \/>\n<meta property=\"og:site_name\" content=\"Patrick the Guide\" \/>\n<meta property=\"article:modified_time\" content=\"2025-08-13T06:31:53+00:00\" \/>\n<meta name=\"twitter:card\" content=\"summary_large_image\" \/>\n<meta name=\"twitter:label1\" content=\"Gesch\u00e4tzte Lesezeit\" \/>\n\t<meta name=\"twitter:data1\" content=\"5\u00a0Minuten\" \/>\n<script type=\"application\/ld+json\" class=\"yoast-schema-graph\">{\"@context\":\"https:\/\/schema.org\",\"@graph\":[{\"@type\":\"WebPage\",\"@id\":\"https:\/\/patriktheguide.com\/de\/allgemeine-geschaeftsbedingungen\/\",\"url\":\"https:\/\/patriktheguide.com\/de\/allgemeine-geschaeftsbedingungen\/\",\"name\":\"Allgemeine Gesch\u00e4ftsbedingungen - Patrick the Guide\",\"isPartOf\":{\"@id\":\"https:\/\/patriktheguide.com\/de\/#website\"},\"datePublished\":\"2025-08-13T06:30:50+00:00\",\"dateModified\":\"2025-08-13T06:31:53+00:00\",\"breadcrumb\":{\"@id\":\"https:\/\/patriktheguide.com\/de\/allgemeine-geschaeftsbedingungen\/#breadcrumb\"},\"inLanguage\":\"de\",\"potentialAction\":[{\"@type\":\"ReadAction\",\"target\":[\"https:\/\/patriktheguide.com\/de\/allgemeine-geschaeftsbedingungen\/\"]}]},{\"@type\":\"BreadcrumbList\",\"@id\":\"https:\/\/patriktheguide.com\/de\/allgemeine-geschaeftsbedingungen\/#breadcrumb\",\"itemListElement\":[{\"@type\":\"ListItem\",\"position\":1,\"name\":\"Domovsk\u00e1 str\u00e1nka\",\"item\":\"https:\/\/patriktheguide.com\/de\/\"},{\"@type\":\"ListItem\",\"position\":2,\"name\":\"Allgemeine Gesch\u00e4ftsbedingungen\"}]},{\"@type\":\"WebSite\",\"@id\":\"https:\/\/patriktheguide.com\/de\/#website\",\"url\":\"https:\/\/patriktheguide.com\/de\/\",\"name\":\"Patrick the Guide\",\"description\":\"\",\"publisher\":{\"@id\":\"https:\/\/patriktheguide.com\/de\/#organization\"},\"potentialAction\":[{\"@type\":\"SearchAction\",\"target\":{\"@type\":\"EntryPoint\",\"urlTemplate\":\"https:\/\/patriktheguide.com\/de\/?s={search_term_string}\"},\"query-input\":\"required name=search_term_string\"}],\"inLanguage\":\"de\"},{\"@type\":\"Organization\",\"@id\":\"https:\/\/patriktheguide.com\/de\/#organization\",\"name\":\"Patrick the Guide\",\"url\":\"https:\/\/patriktheguide.com\/de\/\",\"sameAs\":[],\"logo\":{\"@type\":\"ImageObject\",\"inLanguage\":\"de\",\"@id\":\"https:\/\/patriktheguide.com\/de\/#\/schema\/logo\/image\/\",\"url\":\"https:\/\/patriktheguide.com\/wp-content\/uploads\/2021\/05\/Patrik_the_Guide_Logo_c_Black-e1682606236359.png\",\"contentUrl\":\"https:\/\/patriktheguide.com\/wp-content\/uploads\/2021\/05\/Patrik_the_Guide_Logo_c_Black-e1682606236359.png\",\"width\":350,\"height\":350,\"caption\":\"Patrick the Guide\"},\"image\":{\"@id\":\"https:\/\/patriktheguide.com\/de\/#\/schema\/logo\/image\/\"}}]}<\/script>\n<!-- \/ Yoast SEO plugin. -->","yoast_head_json":{"title":"Allgemeine Gesch\u00e4ftsbedingungen - Patrick the Guide","robots":{"index":"index","follow":"follow","max-snippet":"max-snippet:-1","max-image-preview":"max-image-preview:large","max-video-preview":"max-video-preview:-1"},"canonical":"https:\/\/patriktheguide.com\/de\/allgemeine-geschaeftsbedingungen\/","og_locale":"de_DE","og_type":"article","og_title":"Allgemeine Gesch\u00e4ftsbedingungen - Patrick the Guide","og_description":"Artikel I Einleitende Bestimmungen 1. \u00a0 \u00a0 \u00a0 \u00a0 Die Rechtsbeziehungen, die zwischen dem Anbieter der Dienstleistung, insbesondere, aber nicht ausschlie\u00dflich, der Dienstleistungen des Fremdenf\u00fchrers, der Gesellschaft Patrik the Guide s. r. o., mit Sitz in Tur\u010dianska 1161\/34, 821 09 Bratislava &#8211; Ru\u017einov, ID Nr.: 56 113 200, eingetragen im Handelsregister des Stadtgerichts Bratislava III, [&hellip;]","og_url":"https:\/\/patriktheguide.com\/de\/allgemeine-geschaeftsbedingungen\/","og_site_name":"Patrick the Guide","article_modified_time":"2025-08-13T06:31:53+00:00","twitter_card":"summary_large_image","twitter_misc":{"Gesch\u00e4tzte Lesezeit":"5\u00a0Minuten"},"schema":{"@context":"https:\/\/schema.org","@graph":[{"@type":"WebPage","@id":"https:\/\/patriktheguide.com\/de\/allgemeine-geschaeftsbedingungen\/","url":"https:\/\/patriktheguide.com\/de\/allgemeine-geschaeftsbedingungen\/","name":"Allgemeine Gesch\u00e4ftsbedingungen - Patrick the Guide","isPartOf":{"@id":"https:\/\/patriktheguide.com\/de\/#website"},"datePublished":"2025-08-13T06:30:50+00:00","dateModified":"2025-08-13T06:31:53+00:00","breadcrumb":{"@id":"https:\/\/patriktheguide.com\/de\/allgemeine-geschaeftsbedingungen\/#breadcrumb"},"inLanguage":"de","potentialAction":[{"@type":"ReadAction","target":["https:\/\/patriktheguide.com\/de\/allgemeine-geschaeftsbedingungen\/"]}]},{"@type":"BreadcrumbList","@id":"https:\/\/patriktheguide.com\/de\/allgemeine-geschaeftsbedingungen\/#breadcrumb","itemListElement":[{"@type":"ListItem","position":1,"name":"Domovsk\u00e1 str\u00e1nka","item":"https:\/\/patriktheguide.com\/de\/"},{"@type":"ListItem","position":2,"name":"Allgemeine Gesch\u00e4ftsbedingungen"}]},{"@type":"WebSite","@id":"https:\/\/patriktheguide.com\/de\/#website","url":"https:\/\/patriktheguide.com\/de\/","name":"Patrick the Guide","description":"","publisher":{"@id":"https:\/\/patriktheguide.com\/de\/#organization"},"potentialAction":[{"@type":"SearchAction","target":{"@type":"EntryPoint","urlTemplate":"https:\/\/patriktheguide.com\/de\/?s={search_term_string}"},"query-input":"required name=search_term_string"}],"inLanguage":"de"},{"@type":"Organization","@id":"https:\/\/patriktheguide.com\/de\/#organization","name":"Patrick the Guide","url":"https:\/\/patriktheguide.com\/de\/","sameAs":[],"logo":{"@type":"ImageObject","inLanguage":"de","@id":"https:\/\/patriktheguide.com\/de\/#\/schema\/logo\/image\/","url":"https:\/\/patriktheguide.com\/wp-content\/uploads\/2021\/05\/Patrik_the_Guide_Logo_c_Black-e1682606236359.png","contentUrl":"https:\/\/patriktheguide.com\/wp-content\/uploads\/2021\/05\/Patrik_the_Guide_Logo_c_Black-e1682606236359.png","width":350,"height":350,"caption":"Patrick the Guide"},"image":{"@id":"https:\/\/patriktheguide.com\/de\/#\/schema\/logo\/image\/"}}]}},"_links":{"self":[{"href":"https:\/\/patriktheguide.com\/de\/wp-json\/wp\/v2\/pages\/1127","targetHints":{"allow":["GET"]}}],"collection":[{"href":"https:\/\/patriktheguide.com\/de\/wp-json\/wp\/v2\/pages"}],"about":[{"href":"https:\/\/patriktheguide.com\/de\/wp-json\/wp\/v2\/types\/page"}],"author":[{"embeddable":true,"href":"https:\/\/patriktheguide.com\/de\/wp-json\/wp\/v2\/users\/1"}],"replies":[{"embeddable":true,"href":"https:\/\/patriktheguide.com\/de\/wp-json\/wp\/v2\/comments?post=1127"}],"version-history":[{"count":1,"href":"https:\/\/patriktheguide.com\/de\/wp-json\/wp\/v2\/pages\/1127\/revisions"}],"predecessor-version":[{"id":1128,"href":"https:\/\/patriktheguide.com\/de\/wp-json\/wp\/v2\/pages\/1127\/revisions\/1128"}],"wp:attachment":[{"href":"https:\/\/patriktheguide.com\/de\/wp-json\/wp\/v2\/media?parent=1127"}],"curies":[{"name":"wp","href":"https:\/\/api.w.org\/{rel}","templated":true}]}}