{"id":769,"date":"2021-11-25T22:32:24","date_gmt":"2021-11-25T21:32:24","guid":{"rendered":"https:\/\/patriktheguide.com\/touren\/"},"modified":"2022-08-22T06:41:10","modified_gmt":"2022-08-22T04:41:10","slug":"touren","status":"publish","type":"page","link":"https:\/\/patriktheguide.com\/de\/touren\/","title":{"rendered":"Touren"},"content":{"rendered":"\t\t<div data-elementor-type=\"wp-page\" data-elementor-id=\"769\" class=\"elementor elementor-769 elementor-34\">\n\t\t\t\t\t\t\t\t\t<section class=\"elementor-section elementor-top-section elementor-element elementor-element-7999eac0 elementor-section-height-min-height elementor-section-boxed elementor-section-height-default elementor-section-items-middle\" data-id=\"7999eac0\" data-element_type=\"section\" data-settings=\"{&quot;background_background&quot;:&quot;classic&quot;,&quot;shape_divider_bottom&quot;:&quot;triangle&quot;,&quot;shape_divider_bottom_negative&quot;:&quot;yes&quot;}\">\n\t\t\t\t\t\t\t<div class=\"elementor-background-overlay\"><\/div>\n\t\t\t\t\t\t<div class=\"elementor-shape elementor-shape-bottom\" data-negative=\"true\">\n\t\t\t<svg xmlns=\"http:\/\/www.w3.org\/2000\/svg\" viewBox=\"0 0 1000 100\" preserveAspectRatio=\"none\">\n\t<path class=\"elementor-shape-fill\" d=\"M500.2,94.7L0,0v100h1000V0L500.2,94.7z\"\/>\n<\/svg>\t\t<\/div>\n\t\t\t\t\t<div class=\"elementor-container elementor-column-gap-default\">\n\t\t\t\t\t<div class=\"elementor-column elementor-col-100 elementor-top-column elementor-element elementor-element-c024ba1\" data-id=\"c024ba1\" data-element_type=\"column\">\n\t\t\t<div class=\"elementor-widget-wrap elementor-element-populated\">\n\t\t\t\t\t\t\t\t<div class=\"elementor-element elementor-element-42a626f8 elementor-widget elementor-widget-heading\" data-id=\"42a626f8\" data-element_type=\"widget\" data-widget_type=\"heading.default\">\n\t\t\t\t<div class=\"elementor-widget-container\">\n\t\t\t<h1 class=\"elementor-heading-title elementor-size-default\">Touren<\/h1>\t\t<\/div>\n\t\t\t\t<\/div>\n\t\t\t\t<div class=\"elementor-element elementor-element-51dde74a elementor-widget elementor-widget-breadcrumbs\" data-id=\"51dde74a\" data-element_type=\"widget\" data-widget_type=\"breadcrumbs.default\">\n\t\t\t\t<div class=\"elementor-widget-container\">\n\t\t\t<p id=\"breadcrumbs\"><span><span><a href=\"https:\/\/patriktheguide.com\/de\/\">Domovsk\u00e1 str\u00e1nka<\/a><\/span><\/p>\t\t<\/div>\n\t\t\t\t<\/div>\n\t\t\t\t\t<\/div>\n\t\t<\/div>\n\t\t\t\t\t\t\t<\/div>\n\t\t<\/section>\n\t\t\t\t<section class=\"elementor-section elementor-top-section elementor-element elementor-element-e1021bb elementor-section-boxed elementor-section-height-default elementor-section-height-default\" data-id=\"e1021bb\" data-element_type=\"section\">\n\t\t\t\t\t\t<div class=\"elementor-container elementor-column-gap-default\">\n\t\t\t\t\t<div class=\"elementor-column elementor-col-100 elementor-top-column elementor-element elementor-element-fa23403\" data-id=\"fa23403\" data-element_type=\"column\">\n\t\t\t<div class=\"elementor-widget-wrap elementor-element-populated\">\n\t\t\t\t\t\t\t\t<section class=\"elementor-section elementor-inner-section elementor-element elementor-element-81c6573 elementor-section-boxed elementor-section-height-default elementor-section-height-default\" data-id=\"81c6573\" data-element_type=\"section\">\n\t\t\t\t\t\t<div class=\"elementor-container elementor-column-gap-default\">\n\t\t\t\t\t<div class=\"elementor-column elementor-col-50 elementor-inner-column elementor-element elementor-element-14cf38f\" data-id=\"14cf38f\" data-element_type=\"column\">\n\t\t\t<div class=\"elementor-widget-wrap elementor-element-populated\">\n\t\t\t\t\t\t\t\t<div class=\"elementor-element elementor-element-d976956 elementor-widget elementor-widget-image\" data-id=\"d976956\" data-element_type=\"widget\" data-widget_type=\"image.default\">\n\t\t\t\t<div class=\"elementor-widget-container\">\n\t\t\t\t\t\t\t\t\t\t\t\t\t\t\t\t<a href=\"https:\/\/patriktheguide.com\/kategoria_tur\/city-tours\/\">\n\t\t\t\t\t\t\t<img decoding=\"async\" width=\"600\" height=\"600\" src=\"https:\/\/patriktheguide.com\/wp-content\/uploads\/2022\/07\/city-all-in-7-2.jpg\" class=\"elementor-animation-rotate attachment-large size-large\" alt=\"\" srcset=\"https:\/\/patriktheguide.com\/wp-content\/uploads\/2022\/07\/city-all-in-7-2.jpg 600w, https:\/\/patriktheguide.com\/wp-content\/uploads\/2022\/07\/city-all-in-7-2-300x300.jpg 300w, https:\/\/patriktheguide.com\/wp-content\/uploads\/2022\/07\/city-all-in-7-2-150x150.jpg 150w\" sizes=\"(max-width: 600px) 100vw, 600px\" \/>\t\t\t\t\t\t\t\t<\/a>\n\t\t\t\t\t\t\t\t\t\t\t\t\t\t\t<\/div>\n\t\t\t\t<\/div>\n\t\t\t\t<div class=\"elementor-element elementor-element-7804763 elementor-widget elementor-widget-heading\" data-id=\"7804763\" data-element_type=\"widget\" data-widget_type=\"heading.default\">\n\t\t\t\t<div class=\"elementor-widget-container\">\n\t\t\t<h5 class=\"elementor-heading-title elementor-size-default\"><a href=\"https:\/\/patriktheguide.com\/kategoria_tur\/city-tours\/\">Stadttouren<\/a><\/h5>\t\t<\/div>\n\t\t\t\t<\/div>\n\t\t\t\t<div class=\"elementor-element elementor-element-b517459 elementor-widget elementor-widget-text-editor\" data-id=\"b517459\" data-element_type=\"widget\" data-widget_type=\"text-editor.default\">\n\t\t\t\t<div class=\"elementor-widget-container\">\n\t\t\t\t\t\t\tErkunden Sie die bedeutenden St\u00e4dte in der Slowakei.\t\t\t\t\t\t<\/div>\n\t\t\t\t<\/div>\n\t\t\t\t\t<\/div>\n\t\t<\/div>\n\t\t\t\t<div class=\"elementor-column elementor-col-50 elementor-inner-column elementor-element elementor-element-846ce4c\" data-id=\"846ce4c\" data-element_type=\"column\">\n\t\t\t<div class=\"elementor-widget-wrap elementor-element-populated\">\n\t\t\t\t\t\t\t\t<div class=\"elementor-element elementor-element-385467d elementor-widget elementor-widget-image\" data-id=\"385467d\" data-element_type=\"widget\" data-widget_type=\"image.default\">\n\t\t\t\t<div class=\"elementor-widget-container\">\n\t\t\t\t\t\t\t\t\t\t\t\t\t\t\t\t<a href=\"https:\/\/patriktheguide.com\/kategoria_tur\/one-day-tours\/\">\n\t\t\t\t\t\t\t<img decoding=\"async\" width=\"600\" height=\"600\" src=\"https:\/\/patriktheguide.com\/wp-content\/uploads\/2022\/07\/top-reprezentujuca-1.jpg\" class=\"elementor-animation-rotate attachment-large size-large\" alt=\"\" srcset=\"https:\/\/patriktheguide.com\/wp-content\/uploads\/2022\/07\/top-reprezentujuca-1.jpg 600w, https:\/\/patriktheguide.com\/wp-content\/uploads\/2022\/07\/top-reprezentujuca-1-300x300.jpg 300w, https:\/\/patriktheguide.com\/wp-content\/uploads\/2022\/07\/top-reprezentujuca-1-150x150.jpg 150w\" sizes=\"(max-width: 600px) 100vw, 600px\" \/>\t\t\t\t\t\t\t\t<\/a>\n\t\t\t\t\t\t\t\t\t\t\t\t\t\t\t<\/div>\n\t\t\t\t<\/div>\n\t\t\t\t<div class=\"elementor-element elementor-element-7142b79 elementor-widget elementor-widget-heading\" data-id=\"7142b79\" data-element_type=\"widget\" data-widget_type=\"heading.default\">\n\t\t\t\t<div class=\"elementor-widget-container\">\n\t\t\t<h5 class=\"elementor-heading-title elementor-size-default\"><a href=\"https:\/\/patriktheguide.com\/kategoria_tur\/one-day-tours\/\">Tagestouren<\/a><\/h5>\t\t<\/div>\n\t\t\t\t<\/div>\n\t\t\t\t<div class=\"elementor-element elementor-element-d8ea741 elementor-widget elementor-widget-text-editor\" data-id=\"d8ea741\" data-element_type=\"widget\" data-widget_type=\"text-editor.default\">\n\t\t\t\t<div class=\"elementor-widget-container\">\n\t\t\t\t\t\t\tGenie\u00dfen Sie eine eint\u00e4gige Tour mit mir und sehen Sie die Sch\u00f6nheit der Slowakei.\t\t\t\t\t\t<\/div>\n\t\t\t\t<\/div>\n\t\t\t\t\t<\/div>\n\t\t<\/div>\n\t\t\t\t\t\t\t<\/div>\n\t\t<\/section>\n\t\t\t\t\t<\/div>\n\t\t<\/div>\n\t\t\t\t\t\t\t<\/div>\n\t\t<\/section>\n\t\t\t\t\t\t\t<\/div>\n\t\t","protected":false},"excerpt":{"rendered":"<p>Stadttouren Erkunden Sie die bedeutenden St\u00e4dte in der Slowakei. Tagestouren Genie\u00dfen Sie eine eint\u00e4gige Tour mit mir und sehen Sie die Sch\u00f6nheit der Slowakei.<\/p>\n","protected":false},"author":1,"featured_media":0,"parent":0,"menu_order":0,"comment_status":"closed","ping_status":"closed","template":"","meta":{"footnotes":""},"class_list":["post-769","page","type-page","status-publish","hentry"],"acf":[],"yoast_head":"<!-- This site is optimized with the Yoast SEO plugin v19.6 - https:\/\/yoast.com\/wordpress\/plugins\/seo\/ -->\n<title>Touren - Patrick the Guide<\/title>\n<meta name=\"robots\" content=\"index, follow, max-snippet:-1, max-image-preview:large, max-video-preview:-1\" \/>\n<link rel=\"canonical\" href=\"https:\/\/patriktheguide.com\/de\/touren\/\" \/>\n<meta property=\"og:locale\" content=\"de_DE\" \/>\n<meta property=\"og:type\" content=\"article\" \/>\n<meta property=\"og:title\" content=\"Touren - Patrick the Guide\" \/>\n<meta property=\"og:description\" content=\"Stadttouren Erkunden Sie die bedeutenden St\u00e4dte in der Slowakei. Tagestouren Genie\u00dfen Sie eine eint\u00e4gige Tour mit mir und sehen Sie die Sch\u00f6nheit der Slowakei.\" \/>\n<meta property=\"og:url\" content=\"https:\/\/patriktheguide.com\/de\/touren\/\" \/>\n<meta property=\"og:site_name\" content=\"Patrick the Guide\" \/>\n<meta property=\"article:modified_time\" content=\"2022-08-22T04:41:10+00:00\" \/>\n<meta property=\"og:image\" content=\"https:\/\/patriktheguide.com\/wp-content\/uploads\/2022\/07\/city-all-in-7-2.jpg\" \/>\n<meta name=\"twitter:card\" content=\"summary_large_image\" \/>\n<script type=\"application\/ld+json\" class=\"yoast-schema-graph\">{\"@context\":\"https:\/\/schema.org\",\"@graph\":[{\"@type\":\"WebPage\",\"@id\":\"https:\/\/patriktheguide.com\/de\/touren\/\",\"url\":\"https:\/\/patriktheguide.com\/de\/touren\/\",\"name\":\"Touren - Patrick the Guide\",\"isPartOf\":{\"@id\":\"https:\/\/patriktheguide.com\/de\/#website\"},\"datePublished\":\"2021-11-25T21:32:24+00:00\",\"dateModified\":\"2022-08-22T04:41:10+00:00\",\"breadcrumb\":{\"@id\":\"https:\/\/patriktheguide.com\/de\/touren\/#breadcrumb\"},\"inLanguage\":\"de\",\"potentialAction\":[{\"@type\":\"ReadAction\",\"target\":[\"https:\/\/patriktheguide.com\/de\/touren\/\"]}]},{\"@type\":\"BreadcrumbList\",\"@id\":\"https:\/\/patriktheguide.com\/de\/touren\/#breadcrumb\",\"itemListElement\":[{\"@type\":\"ListItem\",\"position\":1,\"name\":\"Domovsk\u00e1 str\u00e1nka\",\"item\":\"https:\/\/patriktheguide.com\/de\/\"},{\"@type\":\"ListItem\",\"position\":2,\"name\":\"Touren\"}]},{\"@type\":\"WebSite\",\"@id\":\"https:\/\/patriktheguide.com\/de\/#website\",\"url\":\"https:\/\/patriktheguide.com\/de\/\",\"name\":\"Patrick the Guide\",\"description\":\"\",\"publisher\":{\"@id\":\"https:\/\/patriktheguide.com\/de\/#organization\"},\"potentialAction\":[{\"@type\":\"SearchAction\",\"target\":{\"@type\":\"EntryPoint\",\"urlTemplate\":\"https:\/\/patriktheguide.com\/de\/?s={search_term_string}\"},\"query-input\":\"required name=search_term_string\"}],\"inLanguage\":\"de\"},{\"@type\":\"Organization\",\"@id\":\"https:\/\/patriktheguide.com\/de\/#organization\",\"name\":\"Patrick the Guide\",\"url\":\"https:\/\/patriktheguide.com\/de\/\",\"sameAs\":[],\"logo\":{\"@type\":\"ImageObject\",\"inLanguage\":\"de\",\"@id\":\"https:\/\/patriktheguide.com\/de\/#\/schema\/logo\/image\/\",\"url\":\"https:\/\/patriktheguide.com\/wp-content\/uploads\/2021\/05\/Patrik_the_Guide_Logo_c_Black-e1682606236359.png\",\"contentUrl\":\"https:\/\/patriktheguide.com\/wp-content\/uploads\/2021\/05\/Patrik_the_Guide_Logo_c_Black-e1682606236359.png\",\"width\":350,\"height\":350,\"caption\":\"Patrick the Guide\"},\"image\":{\"@id\":\"https:\/\/patriktheguide.com\/de\/#\/schema\/logo\/image\/\"}}]}<\/script>\n<!-- \/ Yoast SEO plugin. -->","yoast_head_json":{"title":"Touren - Patrick the Guide","robots":{"index":"index","follow":"follow","max-snippet":"max-snippet:-1","max-image-preview":"max-image-preview:large","max-video-preview":"max-video-preview:-1"},"canonical":"https:\/\/patriktheguide.com\/de\/touren\/","og_locale":"de_DE","og_type":"article","og_title":"Touren - Patrick the Guide","og_description":"Stadttouren Erkunden Sie die bedeutenden St\u00e4dte in der Slowakei. Tagestouren Genie\u00dfen Sie eine eint\u00e4gige Tour mit mir und sehen Sie die Sch\u00f6nheit der Slowakei.","og_url":"https:\/\/patriktheguide.com\/de\/touren\/","og_site_name":"Patrick the Guide","article_modified_time":"2022-08-22T04:41:10+00:00","og_image":[{"url":"https:\/\/patriktheguide.com\/wp-content\/uploads\/2022\/07\/city-all-in-7-2.jpg"}],"twitter_card":"summary_large_image","schema":{"@context":"https:\/\/schema.org","@graph":[{"@type":"WebPage","@id":"https:\/\/patriktheguide.com\/de\/touren\/","url":"https:\/\/patriktheguide.com\/de\/touren\/","name":"Touren - Patrick the Guide","isPartOf":{"@id":"https:\/\/patriktheguide.com\/de\/#website"},"datePublished":"2021-11-25T21:32:24+00:00","dateModified":"2022-08-22T04:41:10+00:00","breadcrumb":{"@id":"https:\/\/patriktheguide.com\/de\/touren\/#breadcrumb"},"inLanguage":"de","potentialAction":[{"@type":"ReadAction","target":["https:\/\/patriktheguide.com\/de\/touren\/"]}]},{"@type":"BreadcrumbList","@id":"https:\/\/patriktheguide.com\/de\/touren\/#breadcrumb","itemListElement":[{"@type":"ListItem","position":1,"name":"Domovsk\u00e1 str\u00e1nka","item":"https:\/\/patriktheguide.com\/de\/"},{"@type":"ListItem","position":2,"name":"Touren"}]},{"@type":"WebSite","@id":"https:\/\/patriktheguide.com\/de\/#website","url":"https:\/\/patriktheguide.com\/de\/","name":"Patrick the Guide","description":"","publisher":{"@id":"https:\/\/patriktheguide.com\/de\/#organization"},"potentialAction":[{"@type":"SearchAction","target":{"@type":"EntryPoint","urlTemplate":"https:\/\/patriktheguide.com\/de\/?s={search_term_string}"},"query-input":"required name=search_term_string"}],"inLanguage":"de"},{"@type":"Organization","@id":"https:\/\/patriktheguide.com\/de\/#organization","name":"Patrick the Guide","url":"https:\/\/patriktheguide.com\/de\/","sameAs":[],"logo":{"@type":"ImageObject","inLanguage":"de","@id":"https:\/\/patriktheguide.com\/de\/#\/schema\/logo\/image\/","url":"https:\/\/patriktheguide.com\/wp-content\/uploads\/2021\/05\/Patrik_the_Guide_Logo_c_Black-e1682606236359.png","contentUrl":"https:\/\/patriktheguide.com\/wp-content\/uploads\/2021\/05\/Patrik_the_Guide_Logo_c_Black-e1682606236359.png","width":350,"height":350,"caption":"Patrick the Guide"},"image":{"@id":"https:\/\/patriktheguide.com\/de\/#\/schema\/logo\/image\/"}}]}},"_links":{"self":[{"href":"https:\/\/patriktheguide.com\/de\/wp-json\/wp\/v2\/pages\/769","targetHints":{"allow":["GET"]}}],"collection":[{"href":"https:\/\/patriktheguide.com\/de\/wp-json\/wp\/v2\/pages"}],"about":[{"href":"https:\/\/patriktheguide.com\/de\/wp-json\/wp\/v2\/types\/page"}],"author":[{"embeddable":true,"href":"https:\/\/patriktheguide.com\/de\/wp-json\/wp\/v2\/users\/1"}],"replies":[{"embeddable":true,"href":"https:\/\/patriktheguide.com\/de\/wp-json\/wp\/v2\/comments?post=769"}],"version-history":[{"count":3,"href":"https:\/\/patriktheguide.com\/de\/wp-json\/wp\/v2\/pages\/769\/revisions"}],"predecessor-version":[{"id":829,"href":"https:\/\/patriktheguide.com\/de\/wp-json\/wp\/v2\/pages\/769\/revisions\/829"}],"wp:attachment":[{"href":"https:\/\/patriktheguide.com\/de\/wp-json\/wp\/v2\/media?parent=769"}],"curies":[{"name":"wp","href":"https:\/\/api.w.org\/{rel}","templated":true}]}}