{"id":774,"date":"2022-07-01T11:30:32","date_gmt":"2022-07-01T09:30:32","guid":{"rendered":"https:\/\/patriktheguide.com\/datenschutz-bestimmungen\/"},"modified":"2025-08-13T08:29:19","modified_gmt":"2025-08-13T06:29:19","slug":"datenschutz-bestimmungen","status":"publish","type":"page","link":"https:\/\/patriktheguide.com\/de\/datenschutz-bestimmungen\/","title":{"rendered":"Datenschutzbestimmungen"},"content":{"rendered":"\t\t<div data-elementor-type=\"wp-page\" data-elementor-id=\"774\" class=\"elementor elementor-774 elementor-170\">\n\t\t\t\t\t\t\t\t\t<section class=\"elementor-section elementor-top-section elementor-element elementor-element-5d99376b elementor-section-height-min-height elementor-section-boxed elementor-section-height-default elementor-section-items-middle\" data-id=\"5d99376b\" data-element_type=\"section\" data-settings=\"{&quot;background_background&quot;:&quot;classic&quot;,&quot;shape_divider_bottom&quot;:&quot;triangle&quot;,&quot;shape_divider_bottom_negative&quot;:&quot;yes&quot;}\">\n\t\t\t\t\t\t\t<div class=\"elementor-background-overlay\"><\/div>\n\t\t\t\t\t\t<div class=\"elementor-shape elementor-shape-bottom\" data-negative=\"true\">\n\t\t\t<svg xmlns=\"http:\/\/www.w3.org\/2000\/svg\" viewBox=\"0 0 1000 100\" preserveAspectRatio=\"none\">\n\t<path class=\"elementor-shape-fill\" d=\"M500.2,94.7L0,0v100h1000V0L500.2,94.7z\"\/>\n<\/svg>\t\t<\/div>\n\t\t\t\t\t<div class=\"elementor-container elementor-column-gap-default\">\n\t\t\t\t\t<div class=\"elementor-column elementor-col-100 elementor-top-column elementor-element elementor-element-1c59dbfd\" data-id=\"1c59dbfd\" data-element_type=\"column\">\n\t\t\t<div class=\"elementor-widget-wrap elementor-element-populated\">\n\t\t\t\t\t\t\t\t<div class=\"elementor-element elementor-element-6759a204 elementor-widget elementor-widget-heading\" data-id=\"6759a204\" data-element_type=\"widget\" data-widget_type=\"heading.default\">\n\t\t\t\t<div class=\"elementor-widget-container\">\n\t\t\t<h1 class=\"elementor-heading-title elementor-size-default\">Datenschutzbestimmungen<\/h1>\t\t<\/div>\n\t\t\t\t<\/div>\n\t\t\t\t<div class=\"elementor-element elementor-element-39efbdd1 elementor-widget elementor-widget-breadcrumbs\" data-id=\"39efbdd1\" data-element_type=\"widget\" data-widget_type=\"breadcrumbs.default\">\n\t\t\t\t<div class=\"elementor-widget-container\">\n\t\t\t<p id=\"breadcrumbs\"><span><span><a href=\"https:\/\/patriktheguide.com\/de\/\">Domovsk\u00e1 str\u00e1nka<\/a><\/span><\/p>\t\t<\/div>\n\t\t\t\t<\/div>\n\t\t\t\t\t<\/div>\n\t\t<\/div>\n\t\t\t\t\t\t\t<\/div>\n\t\t<\/section>\n\t\t\t\t<section class=\"elementor-section elementor-top-section elementor-element elementor-element-19b0323 elementor-section-boxed elementor-section-height-default elementor-section-height-default\" data-id=\"19b0323\" data-element_type=\"section\">\n\t\t\t\t\t\t<div class=\"elementor-container elementor-column-gap-default\">\n\t\t\t\t\t<div class=\"elementor-column elementor-col-100 elementor-top-column elementor-element elementor-element-07be07f\" data-id=\"07be07f\" data-element_type=\"column\">\n\t\t\t<div class=\"elementor-widget-wrap elementor-element-populated\">\n\t\t\t\t\t\t\t\t<div class=\"elementor-element elementor-element-cc2bc70 elementor-widget elementor-widget-text-editor\" data-id=\"cc2bc70\" data-element_type=\"widget\" data-widget_type=\"text-editor.default\">\n\t\t\t\t<div class=\"elementor-widget-container\">\n\t\t\t\t\t\t\t<p><b>Artikel I<\/b><\/p>\n<p><b>Einleitung<\/b><\/p>\n<p>1. Die Verarbeitung Ihrer personenbezogenen Daten erfolgt in \u00dcbereinstimmung mit allen allgemein geltenden Gesetzen, die im Hoheitsgebiet der Slowakischen Republik gelten, insbesondere, aber nicht ausschlie\u00dflich, in \u00dcbereinstimmung mit der Verordnung (EU) 2016\/679 des Europ\u00e4ischen Parlaments und des Rates vom 27. April 2016 zum Schutz nat\u00fcrlicher Personen bei der Verarbeitung personenbezogener Daten, zum freien Datenverkehr und zur Aufhebung der Richtlinie 95\/46\/EG (Datenschutz-Grundverordnung) (im Folgenden \u201eDSGVO\u201c) und im Einklang mit dem Gesetz Nr. 18\/2018 Slg. \u00fcber den Schutz personenbezogener Daten in der jeweils geltenden Fassung (im Folgenden \u201eDatenschutzgesetz\u201c).<\/p>\n<p>2. Im obigen Sinne bezeichnet der Begriff \u201epersonenbezogene Daten\u201c alle Informationen \u00fcber eine bestimmte oder bestimmbare nat\u00fcrliche Person (nachstehend \u201ebetroffene Person\u201c genannt).<\/p>\n<p>3. Auf diese Weise m\u00f6chten wir Sie dar\u00fcber informieren, dass durch unsere Firma, Patrik the Guide s. r. o., mit Sitz in Tur\u010dianska 1161\/34, 821 09 Bratislava &#8211; Bezirk Ru\u017einov, ID-Nr: 56 113 200, stellen Sie einige Ihrer pers\u00f6nlichen Daten zur Verf\u00fcgung, Sie erkl\u00e4ren, dass Sie verstehen, wie Ihre pers\u00f6nlichen Daten im unten genannten Sinne verarbeitet werden, Sie erkennen an, dass unsere Gesellschaft berechtigt ist, Ihre von Ihnen zur Verf\u00fcgung gestellten pers\u00f6nlichen Daten durch alle Operationen und Gruppen von Operationen zu verarbeiten, die im Zusammenhang mit dem unten genannten Zweck notwendig sind, insbesondere kann sie erhalten, sammeln, registrieren, organisieren, verarbeiten, suchen, durchsuchen, umordnen, kombinieren, verschieben, verwenden, speichern, sperren, entsorgen. Sie erkennen au\u00dferdem an, dass Sie verpflichtet sind, Ihre personenbezogenen Daten genau und wahrheitsgem\u00e4\u00df anzugeben und unser Unternehmen unverz\u00fcglich \u00fcber jede \u00c4nderung Ihrer personenbezogenen Daten zu informieren, und Sie best\u00e4tigen, dass die angegebenen personenbezogenen Daten wahrheitsgem\u00e4\u00df sind, aus freien St\u00fccken gegeben wurden und dass Sie f\u00fcr ihre Unrichtigkeit verantwortlich sind.<\/p>\n<p>4. Die Bereitstellung einiger Ihrer personenbezogenen Daten ist eine Voraussetzung, die f\u00fcr den Abschluss eines Vertrags oder f\u00fcr die Erf\u00fcllung eines Vertrags erforderlich ist, so dass die Verweigerung der Bereitstellung personenbezogener Daten dazu f\u00fchren kann, dass unser Unternehmen sich weigert, eine vertragliche Beziehung einzugehen.<\/p>\n<p><b>Artikel II<\/b><\/p>\n<p><b>Betreiber des Informationssystems personenbezogener Daten<\/b><\/p>\n<p>1. <b>Der Betreiber des Informationssystems personenbezogener Daten ist unsere Gesellschaft:<\/b><\/p>\n<p><b>Patrik the Guide s. r. o.<\/b><\/p>\n<p>mit Sitz in Tur\u010dianska 1161\/34, 821 09 Bratislava &#8211; Bezirk Ru\u017einov<\/p>\n<p>ID Nr.: 56 113 200<\/p>\n<p>eingetragen im Handelsregister des Stadtgerichts Bratislava III, Abteilung: Sro, Einlage Nr.: 176886\/B<\/p>\n<p>handelnd durch den Gesch\u00e4ftsf\u00fchrer: Patrik Rentka<\/p>\n<p>Kontaktdaten:<\/p>\n<p>+421 903 853 053<\/p>\n<p>+43 650 311 6592<\/p>\n<p>info@patriktheguide.com<\/p>\n<p>(im Folgenden als \u201eGesellschaft\u201c oder \u201eBetreiber\u201c bezeichnet).<\/p>\n<p><b>Artikel III<\/b><\/p>\n<p><b>Umfang der Verarbeitung personenbezogener Daten<\/b><\/p>\n<p>1. Der Umfang der Verarbeitung personenbezogener Daten richtet sich nach dem Zweck der Verarbeitung der personenbezogenen Daten.<\/p>\n<p>2. Der Umfang der Verarbeitung personenbezogener Daten ist daher insbesondere, aber nicht ausschlie\u00dflich, wie folgt: Vorname, Nachname, Wohnort, Rechnungsadresse, Telefonkontakt, E-Mail-Kontakt, Kontonummer und andere personenbezogene Daten, die f\u00fcr den Zweck der Verarbeitung erforderlich sind.<\/p>\n<p><b>Artikel IV<\/b><\/p>\n<p><b>Zweck der Verarbeitung personenbezogener Daten<\/b><\/p>\n<p>1. Unser Unternehmen verarbeitet Daten zum Zweck der Erbringung von Fremdenf\u00fchrerleistungen und damit direkt oder indirekt zusammenh\u00e4ngenden Handlungen, Marketing, Erf\u00fcllung einer vertraglichen Verpflichtung aus einem Vertrag, an dem unser Unternehmen und Sie als betroffene Person beteiligt sind, Buchhaltung.<\/p>\n<p><b>Artikel V<\/b><\/p>\n<p><b>Rechtsgrundlage f\u00fcr die Verarbeitung der personenbezogenen Daten<\/b><\/p>\n<p>1. Gem\u00e4\u00df Artikel 6 Absatz 1 Buchstabe a der DSGVO haben Sie als betroffene Person in die Verarbeitung Ihrer personenbezogenen Daten f\u00fcr den oben genannten Zweck, z. B. f\u00fcr Marketingzwecke, eingewilligt.<\/p>\n<p>2. Gem\u00e4\u00df Artikel 6 Absatz 1 Buchstabe b der DSGVO ist die Verarbeitung f\u00fcr die Erf\u00fcllung eines Vertrags, dessen Vertragspartei Sie als betroffene Person sind, oder f\u00fcr die Durchf\u00fchrung vorvertraglicher Ma\u00dfnahmen auf Antrag der betroffenen Person erforderlich.<\/p>\n<p>3. Gem\u00e4\u00df Artikel 6 Absatz 1 Buchstabe c der DSGVO ist die Verarbeitung zur Erf\u00fcllung einer rechtlichen Verpflichtung des f\u00fcr die Verarbeitung Verantwortlichen erforderlich, z. B. zur F\u00fchrung von B\u00fcchern.<\/p>\n<p>4. Gem\u00e4\u00df Artikel 6 Absatz 1 Buchstabe f der DSGVO &#8211; die Verarbeitung ist zur Wahrung der berechtigten Interessen des f\u00fcr die Verarbeitung Verantwortlichen oder eines Dritten erforderlich, sofern nicht die Interessen oder Grundrechte und Grundfreiheiten der betroffenen Person, die den Schutz personenbezogener Daten erfordern, \u00fcberwiegen, z. B. im Fall der Verbesserung der Funktionsweise der Website unseres Unternehmens.<\/p>\n<p><b>Artikel VI<\/b><\/p>\n<p><b>Aufbewahrungsfrist f\u00fcr personenbezogene Daten<\/b><\/p>\n<p>1. Aufbewahrungsdauer der personenbezogenen Daten: gem\u00e4\u00df den einschl\u00e4gigen Rechtsvorschriften \u00fcber die Archivierung. Die personenbezogenen Daten der betroffenen Person werden von unserem Unternehmen f\u00fcr einen Zeitraum von h\u00f6chstens 10 (zehn) Jahren aufbewahrt. In Ausnahmef\u00e4llen, wenn es die Umst\u00e4nde erfordern, kann die Aufbewahrungsfrist f\u00fcr die Aus\u00fcbung, den Nachweis, die Verteidigung und\/oder die Wahrnehmung der Rechte, Anspr\u00fcche und berechtigten Interessen von Ihnen als betroffene Person oder von unserem Unternehmen verl\u00e4ngert werden.<\/p>\n<p><b>Artikel VII<\/b><\/p>\n<p><b>Angaben zu den Empf\u00e4ngern und zu den Verarbeitungen mit personenbezogenen Daten<\/b><\/p>\n<p>1. Die Dritten, die die personenbezogenen Daten der betroffenen Person erhalten, sind Unterauftragnehmer unseres Unternehmens. Die Leistungen dieser Unterauftragnehmer sind notwendigerweise mit der erfolgreichen Erbringung der Leistungen des Reiseleiters verbunden. Die Unterauftragnehmer sind zum Beispiel: Webnode AG (Website-System), Slovensk\u00e1 po\u0161ta, Gmail \/ Google Mail, Google Analytics (Website-Analyse).<\/p>\n<p>2. Die personenbezogenen Daten von Ihnen als betroffene Person werden nicht an ein Drittland oder eine internationale Organisation weitergegeben oder \u00fcbertragen.<\/p>\n<p>3. Unser Unternehmen verwendet keine automatisierte individuelle Entscheidungsfindung oder Profiling bei der Verarbeitung Ihrer personenbezogenen Daten zu diesem Zweck.<\/p>\n<p><b>Artikel VIII<\/b><\/p>\n<p><b>Informationen \u00fcber die Rechte der betroffenen Person<\/b><\/p>\n<p>(1) Als betroffene Person haben Sie das Recht auf:<\/p>\n<p>(i) gem\u00e4\u00df Artikel 15 der DSGVO von dem f\u00fcr die Verarbeitung Verantwortlichen Auskunft \u00fcber Ihre personenbezogenen Daten zu verlangen.<\/p>\n<p>(ii) das Recht auf Berichtigung der personenbezogenen Daten gem\u00e4\u00df Artikel 16 der DSGVO.<\/p>\n<p>(iii) das Recht auf L\u00f6schung Ihrer personenbezogenen Daten (\u201eRecht auf Vergessenwerden\u201c) gem\u00e4\u00df Artikel 17 der Datenschutz-Grundverordnung.<\/p>\n<p>(iv) das Recht auf Einschr\u00e4nkung der Verarbeitung personenbezogener Daten gem\u00e4\u00df Artikel 18 der Datenschutz-Grundverordnung.<\/p>\n<p>(v) das Recht auf Daten\u00fcbertragbarkeit gem\u00e4\u00df Artikel 20 der Datenschutz-Grundverordnung.<\/p>\n<p>(vi) das Recht auf Widerspruch gegen die Verarbeitung personenbezogener Daten gem\u00e4\u00df Artikel 21 der DSGVO.<\/p>\n<p>(vii) das Recht, der Erstellung von Profilen gem\u00e4\u00df Artikel 22 der DSGVO zu widersprechen.<\/p>\n<p>(viii) das Recht, beim Amt f\u00fcr den Schutz personenbezogener Daten der Slowakischen Republik eine Petition gem\u00e4\u00df \u00a7 100 des Gesetzes zum Schutz personenbezogener Daten einzureichen, wenn er der Ansicht ist, dass seine Rechte im Bereich des Schutzes personenbezogener Daten verletzt wurden.<\/p>\n<p>(ix) im Falle der Einwilligung in die Verarbeitung personenbezogener Daten hat die betroffene Person das Recht, ihre Einwilligung jederzeit schriftlich an die Adresse des Sitzes des f\u00fcr die Verarbeitung Verantwortlichen, an unser Unternehmen oder elektronisch an die E-Mail-Adresse des Unternehmens zu widerrufen.<\/p>\n<p><b>Artikel IX<\/b><\/p>\n<p><b>Politik der Verarbeitung personenbezogener Daten<\/b><\/p>\n<p>1. Bei der Verarbeitung Ihrer personenbezogenen Daten beachtet der f\u00fcr die Verarbeitung Verantwortliche, unser Unternehmen, die folgenden Grunds\u00e4tze der Verarbeitung personenbezogener Daten:<\/p>\n<p><b>a) Grundsatz der Rechtm\u00e4\u00dfigkeit, Fairness und Transparenz<\/b><\/p>\n<p>Die personenbezogenen Daten werden auf rechtm\u00e4\u00dfige, faire und transparente Weise verarbeitet.<\/p>\n<p><b>b) Grundsatz der Zweckbindung\u00a0<\/b><\/p>\n<p>Personenbezogene Daten werden f\u00fcr genau festgelegte, ausdr\u00fccklich genannte und rechtm\u00e4\u00dfige Zwecke erhoben und d\u00fcrfen nicht in einer Weise weiterverarbeitet werden, die mit diesen Zwecken unvereinbar ist; die Weiterverarbeitung zu Archivierungszwecken im \u00f6ffentlichen Interesse, zu wissenschaftlichen oder historischen Forschungszwecken oder zu statistischen Zwecken gilt nicht als unvereinbar mit den urspr\u00fcnglichen Zwecken.<\/p>\n<p><b>c) Grundsatz der Datenminimierung<\/b><\/p>\n<p>Personenbezogene Daten m\u00fcssen den Zwecken entsprechen, f\u00fcr die sie verarbeitet werden, daf\u00fcr erheblich sein und auf das erforderliche Ma\u00df beschr\u00e4nkt werden.<\/p>\n<p><b>(d) Grundsatz der sachlichen Richtigkeit<\/b><\/p>\n<p>Personenbezogene Daten m\u00fcssen sachlich richtig und, soweit erforderlich, auf den neuesten Stand gebracht sein; es sind alle erforderlichen Ma\u00dfnahmen zu treffen, damit personenbezogene Daten, die im Hinblick auf die Zwecke, f\u00fcr die sie verarbeitet werden, unrichtig sind, unverz\u00fcglich gel\u00f6scht oder berichtigt werden.<\/p>\n<p><b>(e) Grundsatz der Mindestaufbewahrung<\/b><\/p>\n<p>Personenbezogene Daten werden so lange, wie es f\u00fcr die Erreichung der Zwecke, f\u00fcr die sie verarbeitet werden, erforderlich ist, in einer Form aufbewahrt, die die Identifizierung der betroffenen Person erm\u00f6glicht; personenbezogene Daten k\u00f6nnen l\u00e4nger aufbewahrt werden, wenn sie ausschlie\u00dflich f\u00fcr im \u00f6ffentlichen Interesse liegende Archivzwecke, f\u00fcr wissenschaftliche oder historische Forschungszwecke oder f\u00fcr statistische Zwecke verarbeitet werden sollen, vorausgesetzt, es werden geeignete technische und organisatorische Ma\u00dfnahmen gem\u00e4\u00df der DSGVO getroffen.<\/p>\n<p><b>f) Grundsatz der Integrit\u00e4t und Vertraulichkeit<\/b><\/p>\n<p>Personenbezogene Daten m\u00fcssen so verarbeitet werden, dass eine angemessene Sicherheit der personenbezogenen Daten gew\u00e4hrleistet ist, einschlie\u00dflich des Schutzes vor unbefugter oder unrechtm\u00e4\u00dfiger Verarbeitung und vor unbeabsichtigtem Verlust, unbeabsichtigter Zerst\u00f6rung oder unbeabsichtigter Besch\u00e4digung durch geeignete technische oder organisatorische Ma\u00dfnahmen.<\/p>\n<p><b>g) Grundsatz der Rechenschaftspflicht<\/b><\/p>\n<p>Der f\u00fcr die Verarbeitung Verantwortliche ist f\u00fcr die Verarbeitung personenbezogener Daten im Einklang mit der DSGVO, dem Datenschutzgesetz und anderen einschl\u00e4gigen Rechtsvorschriften verantwortlich. Der f\u00fcr die Verarbeitung Verantwortliche muss in der Lage sein, diese Einhaltung nachzuweisen.<\/p>\n<p><b>Artikel X<\/b><\/p>\n<p><b>Schweigen<\/b><\/p>\n<p>1. Die Mitarbeiter unseres Unternehmens sowie die Mitarbeiter, die Ihre personenbezogenen Daten verarbeiten, sind verpflichtet, \u00fcber personenbezogene Daten und \u00fcber Sicherheitsma\u00dfnahmen, deren Offenlegung die Sicherheit Ihrer personenbezogenen Daten gef\u00e4hrden w\u00fcrde, Stillschweigen zu bewahren.<\/p>\n\t\t\t\t\t\t<\/div>\n\t\t\t\t<\/div>\n\t\t\t\t\t<\/div>\n\t\t<\/div>\n\t\t\t\t\t\t\t<\/div>\n\t\t<\/section>\n\t\t\t\t\t\t\t<\/div>\n\t\t","protected":false},"excerpt":{"rendered":"<p>Artikel I Einleitung 1. Die Verarbeitung Ihrer personenbezogenen Daten erfolgt in \u00dcbereinstimmung mit allen allgemein geltenden Gesetzen, die im Hoheitsgebiet der Slowakischen Republik gelten, insbesondere, aber nicht ausschlie\u00dflich, in \u00dcbereinstimmung mit der Verordnung (EU) 2016\/679 des Europ\u00e4ischen Parlaments und des Rates vom 27. April 2016 zum Schutz nat\u00fcrlicher Personen bei der Verarbeitung personenbezogener Daten, zum [&hellip;]<\/p>\n","protected":false},"author":1,"featured_media":0,"parent":0,"menu_order":0,"comment_status":"closed","ping_status":"closed","template":"","meta":{"footnotes":""},"class_list":["post-774","page","type-page","status-publish","hentry"],"acf":[],"yoast_head":"<!-- This site is optimized with the Yoast SEO plugin v19.6 - https:\/\/yoast.com\/wordpress\/plugins\/seo\/ -->\n<title>Datenschutzbestimmungen - Patrick the Guide<\/title>\n<meta name=\"robots\" content=\"index, follow, max-snippet:-1, max-image-preview:large, max-video-preview:-1\" \/>\n<link rel=\"canonical\" href=\"https:\/\/patriktheguide.com\/de\/datenschutz-bestimmungen\/\" \/>\n<meta property=\"og:locale\" content=\"de_DE\" \/>\n<meta property=\"og:type\" content=\"article\" \/>\n<meta property=\"og:title\" content=\"Datenschutzbestimmungen - Patrick the Guide\" \/>\n<meta property=\"og:description\" content=\"Artikel I Einleitung 1. Die Verarbeitung Ihrer personenbezogenen Daten erfolgt in \u00dcbereinstimmung mit allen allgemein geltenden Gesetzen, die im Hoheitsgebiet der Slowakischen Republik gelten, insbesondere, aber nicht ausschlie\u00dflich, in \u00dcbereinstimmung mit der Verordnung (EU) 2016\/679 des Europ\u00e4ischen Parlaments und des Rates vom 27. April 2016 zum Schutz nat\u00fcrlicher Personen bei der Verarbeitung personenbezogener Daten, zum [&hellip;]\" \/>\n<meta property=\"og:url\" content=\"https:\/\/patriktheguide.com\/de\/datenschutz-bestimmungen\/\" \/>\n<meta property=\"og:site_name\" content=\"Patrick the Guide\" \/>\n<meta property=\"article:modified_time\" content=\"2025-08-13T06:29:19+00:00\" \/>\n<meta name=\"twitter:card\" content=\"summary_large_image\" \/>\n<meta name=\"twitter:label1\" content=\"Gesch\u00e4tzte Lesezeit\" \/>\n\t<meta name=\"twitter:data1\" content=\"7\u00a0Minuten\" \/>\n<script type=\"application\/ld+json\" class=\"yoast-schema-graph\">{\"@context\":\"https:\/\/schema.org\",\"@graph\":[{\"@type\":\"WebPage\",\"@id\":\"https:\/\/patriktheguide.com\/de\/datenschutz-bestimmungen\/\",\"url\":\"https:\/\/patriktheguide.com\/de\/datenschutz-bestimmungen\/\",\"name\":\"Datenschutzbestimmungen - Patrick the Guide\",\"isPartOf\":{\"@id\":\"https:\/\/patriktheguide.com\/de\/#website\"},\"datePublished\":\"2022-07-01T09:30:32+00:00\",\"dateModified\":\"2025-08-13T06:29:19+00:00\",\"breadcrumb\":{\"@id\":\"https:\/\/patriktheguide.com\/de\/datenschutz-bestimmungen\/#breadcrumb\"},\"inLanguage\":\"de\",\"potentialAction\":[{\"@type\":\"ReadAction\",\"target\":[\"https:\/\/patriktheguide.com\/de\/datenschutz-bestimmungen\/\"]}]},{\"@type\":\"BreadcrumbList\",\"@id\":\"https:\/\/patriktheguide.com\/de\/datenschutz-bestimmungen\/#breadcrumb\",\"itemListElement\":[{\"@type\":\"ListItem\",\"position\":1,\"name\":\"Domovsk\u00e1 str\u00e1nka\",\"item\":\"https:\/\/patriktheguide.com\/de\/\"},{\"@type\":\"ListItem\",\"position\":2,\"name\":\"Datenschutzbestimmungen\"}]},{\"@type\":\"WebSite\",\"@id\":\"https:\/\/patriktheguide.com\/de\/#website\",\"url\":\"https:\/\/patriktheguide.com\/de\/\",\"name\":\"Patrick the Guide\",\"description\":\"\",\"publisher\":{\"@id\":\"https:\/\/patriktheguide.com\/de\/#organization\"},\"potentialAction\":[{\"@type\":\"SearchAction\",\"target\":{\"@type\":\"EntryPoint\",\"urlTemplate\":\"https:\/\/patriktheguide.com\/de\/?s={search_term_string}\"},\"query-input\":\"required name=search_term_string\"}],\"inLanguage\":\"de\"},{\"@type\":\"Organization\",\"@id\":\"https:\/\/patriktheguide.com\/de\/#organization\",\"name\":\"Patrick the Guide\",\"url\":\"https:\/\/patriktheguide.com\/de\/\",\"sameAs\":[],\"logo\":{\"@type\":\"ImageObject\",\"inLanguage\":\"de\",\"@id\":\"https:\/\/patriktheguide.com\/de\/#\/schema\/logo\/image\/\",\"url\":\"https:\/\/patriktheguide.com\/wp-content\/uploads\/2021\/05\/Patrik_the_Guide_Logo_c_Black-e1682606236359.png\",\"contentUrl\":\"https:\/\/patriktheguide.com\/wp-content\/uploads\/2021\/05\/Patrik_the_Guide_Logo_c_Black-e1682606236359.png\",\"width\":350,\"height\":350,\"caption\":\"Patrick the Guide\"},\"image\":{\"@id\":\"https:\/\/patriktheguide.com\/de\/#\/schema\/logo\/image\/\"}}]}<\/script>\n<!-- \/ Yoast SEO plugin. -->","yoast_head_json":{"title":"Datenschutzbestimmungen - Patrick the Guide","robots":{"index":"index","follow":"follow","max-snippet":"max-snippet:-1","max-image-preview":"max-image-preview:large","max-video-preview":"max-video-preview:-1"},"canonical":"https:\/\/patriktheguide.com\/de\/datenschutz-bestimmungen\/","og_locale":"de_DE","og_type":"article","og_title":"Datenschutzbestimmungen - Patrick the Guide","og_description":"Artikel I Einleitung 1. Die Verarbeitung Ihrer personenbezogenen Daten erfolgt in \u00dcbereinstimmung mit allen allgemein geltenden Gesetzen, die im Hoheitsgebiet der Slowakischen Republik gelten, insbesondere, aber nicht ausschlie\u00dflich, in \u00dcbereinstimmung mit der Verordnung (EU) 2016\/679 des Europ\u00e4ischen Parlaments und des Rates vom 27. April 2016 zum Schutz nat\u00fcrlicher Personen bei der Verarbeitung personenbezogener Daten, zum [&hellip;]","og_url":"https:\/\/patriktheguide.com\/de\/datenschutz-bestimmungen\/","og_site_name":"Patrick the Guide","article_modified_time":"2025-08-13T06:29:19+00:00","twitter_card":"summary_large_image","twitter_misc":{"Gesch\u00e4tzte Lesezeit":"7\u00a0Minuten"},"schema":{"@context":"https:\/\/schema.org","@graph":[{"@type":"WebPage","@id":"https:\/\/patriktheguide.com\/de\/datenschutz-bestimmungen\/","url":"https:\/\/patriktheguide.com\/de\/datenschutz-bestimmungen\/","name":"Datenschutzbestimmungen - Patrick the Guide","isPartOf":{"@id":"https:\/\/patriktheguide.com\/de\/#website"},"datePublished":"2022-07-01T09:30:32+00:00","dateModified":"2025-08-13T06:29:19+00:00","breadcrumb":{"@id":"https:\/\/patriktheguide.com\/de\/datenschutz-bestimmungen\/#breadcrumb"},"inLanguage":"de","potentialAction":[{"@type":"ReadAction","target":["https:\/\/patriktheguide.com\/de\/datenschutz-bestimmungen\/"]}]},{"@type":"BreadcrumbList","@id":"https:\/\/patriktheguide.com\/de\/datenschutz-bestimmungen\/#breadcrumb","itemListElement":[{"@type":"ListItem","position":1,"name":"Domovsk\u00e1 str\u00e1nka","item":"https:\/\/patriktheguide.com\/de\/"},{"@type":"ListItem","position":2,"name":"Datenschutzbestimmungen"}]},{"@type":"WebSite","@id":"https:\/\/patriktheguide.com\/de\/#website","url":"https:\/\/patriktheguide.com\/de\/","name":"Patrick the Guide","description":"","publisher":{"@id":"https:\/\/patriktheguide.com\/de\/#organization"},"potentialAction":[{"@type":"SearchAction","target":{"@type":"EntryPoint","urlTemplate":"https:\/\/patriktheguide.com\/de\/?s={search_term_string}"},"query-input":"required name=search_term_string"}],"inLanguage":"de"},{"@type":"Organization","@id":"https:\/\/patriktheguide.com\/de\/#organization","name":"Patrick the Guide","url":"https:\/\/patriktheguide.com\/de\/","sameAs":[],"logo":{"@type":"ImageObject","inLanguage":"de","@id":"https:\/\/patriktheguide.com\/de\/#\/schema\/logo\/image\/","url":"https:\/\/patriktheguide.com\/wp-content\/uploads\/2021\/05\/Patrik_the_Guide_Logo_c_Black-e1682606236359.png","contentUrl":"https:\/\/patriktheguide.com\/wp-content\/uploads\/2021\/05\/Patrik_the_Guide_Logo_c_Black-e1682606236359.png","width":350,"height":350,"caption":"Patrick the Guide"},"image":{"@id":"https:\/\/patriktheguide.com\/de\/#\/schema\/logo\/image\/"}}]}},"_links":{"self":[{"href":"https:\/\/patriktheguide.com\/de\/wp-json\/wp\/v2\/pages\/774","targetHints":{"allow":["GET"]}}],"collection":[{"href":"https:\/\/patriktheguide.com\/de\/wp-json\/wp\/v2\/pages"}],"about":[{"href":"https:\/\/patriktheguide.com\/de\/wp-json\/wp\/v2\/types\/page"}],"author":[{"embeddable":true,"href":"https:\/\/patriktheguide.com\/de\/wp-json\/wp\/v2\/users\/1"}],"replies":[{"embeddable":true,"href":"https:\/\/patriktheguide.com\/de\/wp-json\/wp\/v2\/comments?post=774"}],"version-history":[{"count":2,"href":"https:\/\/patriktheguide.com\/de\/wp-json\/wp\/v2\/pages\/774\/revisions"}],"predecessor-version":[{"id":1120,"href":"https:\/\/patriktheguide.com\/de\/wp-json\/wp\/v2\/pages\/774\/revisions\/1120"}],"wp:attachment":[{"href":"https:\/\/patriktheguide.com\/de\/wp-json\/wp\/v2\/media?parent=774"}],"curies":[{"name":"wp","href":"https:\/\/api.w.org\/{rel}","templated":true}]}}