{"id":819,"date":"2021-11-25T22:32:24","date_gmt":"2021-11-25T21:32:24","guid":{"rendered":"https:\/\/patriktheguide.com\/snb-lektionen\/"},"modified":"2022-08-12T21:00:18","modified_gmt":"2022-08-12T19:00:18","slug":"snb-lektionen","status":"publish","type":"page","link":"https:\/\/patriktheguide.com\/de\/snb-lektionen\/","title":{"rendered":"SNB Lektionen"},"content":{"rendered":"\t\t<div data-elementor-type=\"wp-page\" data-elementor-id=\"819\" class=\"elementor elementor-819 elementor-35\">\n\t\t\t\t\t\t\t\t\t<section class=\"elementor-section elementor-top-section elementor-element elementor-element-955f718 elementor-section-height-min-height elementor-section-boxed elementor-section-height-default elementor-section-items-middle\" data-id=\"955f718\" data-element_type=\"section\" data-settings=\"{&quot;background_background&quot;:&quot;classic&quot;,&quot;shape_divider_bottom&quot;:&quot;triangle&quot;,&quot;shape_divider_bottom_negative&quot;:&quot;yes&quot;}\">\n\t\t\t\t\t\t\t<div class=\"elementor-background-overlay\"><\/div>\n\t\t\t\t\t\t<div class=\"elementor-shape elementor-shape-bottom\" data-negative=\"true\">\n\t\t\t<svg xmlns=\"http:\/\/www.w3.org\/2000\/svg\" viewBox=\"0 0 1000 100\" preserveAspectRatio=\"none\">\n\t<path class=\"elementor-shape-fill\" d=\"M500.2,94.7L0,0v100h1000V0L500.2,94.7z\"\/>\n<\/svg>\t\t<\/div>\n\t\t\t\t\t<div class=\"elementor-container elementor-column-gap-default\">\n\t\t\t\t\t<div class=\"elementor-column elementor-col-100 elementor-top-column elementor-element elementor-element-26a97a87\" data-id=\"26a97a87\" data-element_type=\"column\">\n\t\t\t<div class=\"elementor-widget-wrap elementor-element-populated\">\n\t\t\t\t\t\t\t\t<div class=\"elementor-element elementor-element-3891e3e8 elementor-widget elementor-widget-heading\" data-id=\"3891e3e8\" data-element_type=\"widget\" data-widget_type=\"heading.default\">\n\t\t\t\t<div class=\"elementor-widget-container\">\n\t\t\t<h1 class=\"elementor-heading-title elementor-size-default\">SNB Lektionen<\/h1>\t\t<\/div>\n\t\t\t\t<\/div>\n\t\t\t\t<div class=\"elementor-element elementor-element-6340986a elementor-widget elementor-widget-breadcrumbs\" data-id=\"6340986a\" data-element_type=\"widget\" data-widget_type=\"breadcrumbs.default\">\n\t\t\t\t<div class=\"elementor-widget-container\">\n\t\t\t<p id=\"breadcrumbs\"><span><span><a href=\"https:\/\/patriktheguide.com\/de\/\">Domovsk\u00e1 str\u00e1nka<\/a><\/span><\/p>\t\t<\/div>\n\t\t\t\t<\/div>\n\t\t\t\t\t<\/div>\n\t\t<\/div>\n\t\t\t\t\t\t\t<\/div>\n\t\t<\/section>\n\t\t\t\t<section class=\"elementor-section elementor-top-section elementor-element elementor-element-f801563 elementor-section-content-middle elementor-section-boxed elementor-section-height-default elementor-section-height-default\" data-id=\"f801563\" data-element_type=\"section\">\n\t\t\t\t\t\t<div class=\"elementor-container elementor-column-gap-default\">\n\t\t\t\t\t<div class=\"elementor-column elementor-col-50 elementor-top-column elementor-element elementor-element-8e6bb41\" data-id=\"8e6bb41\" data-element_type=\"column\">\n\t\t\t<div class=\"elementor-widget-wrap elementor-element-populated\">\n\t\t\t\t\t\t\t\t<div class=\"elementor-element elementor-element-f035563 elementor-widget elementor-widget-text-editor\" data-id=\"f035563\" data-element_type=\"widget\" data-widget_type=\"text-editor.default\">\n\t\t\t\t<div class=\"elementor-widget-container\">\n\t\t\t\t\t\t\tEs f\u00fchlt sich wie gestern an, wenn ich mein erstes eigenes Snowboard bekommen habe und es ist tats\u00e4chlich mehr als 15 Jahre her. Damals hatten wir wirklich viel Spa\u00df mit unseren Freunden. Wir gingen unter der Woche zur Schule und am Wochenende versuchten wir so oft wie m\u00f6glich in die Berge zu fahren. Niemand war \u00fcber 18 Jahre alt, niemand besa\u00df einen F\u00fchrerschein und es hat immer irgendwie geklappt, Spass auf der Piste zu haben.\r\n\r\nVor ein paar Jahren habe ich mich dazu entschlossen, eine Ausbildung zum Snowboardlehrer zu machen. Nirgendwo anders als in \u00d6sterreich. Der Kurs fand in Bad Gastein statt und f\u00fcr diejenigen, die von diesem Ort noch nichts geh\u00f6rt haben, wird Bad Gastein seit dem 13. Jahrhundert wegen seiner Thermalquellen besucht.\r\nNach meiner Ausbildung bekam ich einen Job als Instruktor in Flachau. Flachau ist auch ber\u00fchmt f\u00fcr Skibegeisterte, da es die Heimatstadt des einzigartigen Hermann Maier alias Herminator ist!\r\n\r\nHeutzutage genie\u00dfe ich es, meinen Freunden Ratschl\u00e4ge zu geben und auch alleine zu fahren.\r\nDu kannst mich entweder in der Slowakei zu finden aber ich bevorzuge lieber in \u00d6sterreich die Bergen zu besiegen\u2026\t\t\t\t\t\t<\/div>\n\t\t\t\t<\/div>\n\t\t\t\t\t<\/div>\n\t\t<\/div>\n\t\t\t\t<div class=\"elementor-column elementor-col-50 elementor-top-column elementor-element elementor-element-25ed38a\" data-id=\"25ed38a\" data-element_type=\"column\">\n\t\t\t<div class=\"elementor-widget-wrap elementor-element-populated\">\n\t\t\t\t\t\t\t\t<div class=\"elementor-element elementor-element-71fe797 elementor-widget elementor-widget-image\" data-id=\"71fe797\" data-element_type=\"widget\" data-widget_type=\"image.default\">\n\t\t\t\t<div class=\"elementor-widget-container\">\n\t\t\t\t\t\t\t\t\t\t\t\t\t\t\t<img decoding=\"async\" width=\"800\" height=\"800\" src=\"https:\/\/patriktheguide.com\/wp-content\/uploads\/2022\/07\/male-snowboarder-dangerous-downhill-action-1.jpg\" class=\"attachment-large size-large\" alt=\"\" srcset=\"https:\/\/patriktheguide.com\/wp-content\/uploads\/2022\/07\/male-snowboarder-dangerous-downhill-action-1.jpg 800w, https:\/\/patriktheguide.com\/wp-content\/uploads\/2022\/07\/male-snowboarder-dangerous-downhill-action-1-300x300.jpg 300w, https:\/\/patriktheguide.com\/wp-content\/uploads\/2022\/07\/male-snowboarder-dangerous-downhill-action-1-150x150.jpg 150w, https:\/\/patriktheguide.com\/wp-content\/uploads\/2022\/07\/male-snowboarder-dangerous-downhill-action-1-768x768.jpg 768w\" sizes=\"(max-width: 800px) 100vw, 800px\" \/>\t\t\t\t\t\t\t\t\t\t\t\t\t\t\t<\/div>\n\t\t\t\t<\/div>\n\t\t\t\t\t<\/div>\n\t\t<\/div>\n\t\t\t\t\t\t\t<\/div>\n\t\t<\/section>\n\t\t\t\t<section class=\"elementor-section elementor-top-section elementor-element elementor-element-8023254 elementor-section-full_width elementor-section-height-default elementor-section-height-default\" data-id=\"8023254\" data-element_type=\"section\">\n\t\t\t\t\t\t<div class=\"elementor-container elementor-column-gap-no\">\n\t\t\t\t\t<div class=\"elementor-column elementor-col-100 elementor-top-column elementor-element elementor-element-30de46f\" data-id=\"30de46f\" data-element_type=\"column\">\n\t\t\t<div class=\"elementor-widget-wrap elementor-element-populated\">\n\t\t\t\t\t\t\t\t<div class=\"elementor-element elementor-element-205061b elementor-widget elementor-widget-template\" data-id=\"205061b\" data-element_type=\"widget\" data-widget_type=\"template.default\">\n\t\t\t\t<div class=\"elementor-widget-container\">\n\t\t\t\t\t<div class=\"elementor-template\">\n\t\t\t\t\t<div data-elementor-type=\"section\" data-elementor-id=\"810\" class=\"elementor elementor-810\">\n\t\t\t\t\t\t\t\t<section class=\"elementor-section elementor-top-section elementor-element elementor-element-5262c46d elementor-section-content-middle elementor-section-boxed elementor-section-height-default elementor-section-height-default\" data-id=\"5262c46d\" data-element_type=\"section\" data-settings=\"{&quot;background_background&quot;:&quot;classic&quot;}\">\n\t\t\t\t\t\t\t<div class=\"elementor-background-overlay\"><\/div>\n\t\t\t\t\t\t\t<div class=\"elementor-container elementor-column-gap-default\">\n\t\t\t\t\t<div class=\"elementor-column elementor-col-66 elementor-top-column elementor-element elementor-element-1e9461f3\" data-id=\"1e9461f3\" data-element_type=\"column\">\n\t\t\t<div class=\"elementor-widget-wrap elementor-element-populated\">\n\t\t\t\t\t\t\t\t<div class=\"elementor-element elementor-element-5270974a elementor-widget elementor-widget-heading\" data-id=\"5270974a\" data-element_type=\"widget\" data-widget_type=\"heading.default\">\n\t\t\t\t<div class=\"elementor-widget-container\">\n\t\t\t<div class=\"elementor-heading-title elementor-size-default\">I know you want me...<\/div>\t\t<\/div>\n\t\t\t\t<\/div>\n\t\t\t\t<div class=\"elementor-element elementor-element-6215a430 elementor-widget elementor-widget-heading\" data-id=\"6215a430\" data-element_type=\"widget\" data-widget_type=\"heading.default\">\n\t\t\t\t<div class=\"elementor-widget-container\">\n\t\t\t<h2 class=\"elementor-heading-title elementor-size-default\">HOW TO JOIN<\/h2>\t\t<\/div>\n\t\t\t\t<\/div>\n\t\t\t\t<div class=\"elementor-element elementor-element-111699b4 elementor-widget elementor-widget-text-editor\" data-id=\"111699b4\" data-element_type=\"widget\" data-widget_type=\"text-editor.default\">\n\t\t\t\t<div class=\"elementor-widget-container\">\n\t\t\t\t\t\t\t<p>If you would like to join me on my adventures, feel free to contact me in any way. <br \/>I\u00a0will look forward to getting to know you.<\/p>\t\t\t\t\t\t<\/div>\n\t\t\t\t<\/div>\n\t\t\t\t\t<\/div>\n\t\t<\/div>\n\t\t\t\t<div class=\"elementor-column elementor-col-33 elementor-top-column elementor-element elementor-element-95de102\" data-id=\"95de102\" data-element_type=\"column\">\n\t\t\t<div class=\"elementor-widget-wrap elementor-element-populated\">\n\t\t\t\t\t\t\t\t<div class=\"elementor-element elementor-element-7a296acc elementor-align-right elementor-tablet-align-center elementor-widget elementor-widget-button\" data-id=\"7a296acc\" data-element_type=\"widget\" data-widget_type=\"button.default\">\n\t\t\t\t<div class=\"elementor-widget-container\">\n\t\t\t\t\t<div class=\"elementor-button-wrapper\">\n\t\t\t<a href=\"https:\/\/patriktheguide.com\/contact\/\" class=\"elementor-button-link elementor-button elementor-size-xl elementor-animation-float\" role=\"button\">\n\t\t\t\t\t\t<span class=\"elementor-button-content-wrapper\">\n\t\t\t\t\t\t\t<span class=\"elementor-button-icon elementor-align-icon-left\">\n\t\t\t\t<i aria-hidden=\"true\" class=\"fas fa-phone-alt\"><\/i>\t\t\t<\/span>\n\t\t\t\t\t\t<span class=\"elementor-button-text\">Contact me<\/span>\n\t\t<\/span>\n\t\t\t\t\t<\/a>\n\t\t<\/div>\n\t\t\t\t<\/div>\n\t\t\t\t<\/div>\n\t\t\t\t\t<\/div>\n\t\t<\/div>\n\t\t\t\t\t\t\t<\/div>\n\t\t<\/section>\n\t\t\t\t\t\t<\/div>\n\t\t\t\t<\/div>\n\t\t\t\t<\/div>\n\t\t\t\t<\/div>\n\t\t\t\t\t<\/div>\n\t\t<\/div>\n\t\t\t\t\t\t\t<\/div>\n\t\t<\/section>\n\t\t\t\t\t\t\t<\/div>\n\t\t","protected":false},"excerpt":{"rendered":"<p>Es f\u00fchlt sich wie gestern an, wenn ich mein erstes eigenes Snowboard bekommen habe und es ist tats\u00e4chlich mehr als 15 Jahre her. Damals hatten wir wirklich viel Spa\u00df mit unseren Freunden. Wir gingen unter der Woche zur Schule und am Wochenende versuchten wir so oft wie m\u00f6glich in die Berge zu fahren. Niemand war [&hellip;]<\/p>\n","protected":false},"author":1,"featured_media":0,"parent":0,"menu_order":0,"comment_status":"closed","ping_status":"closed","template":"","meta":{"footnotes":""},"class_list":["post-819","page","type-page","status-publish","hentry"],"acf":[],"yoast_head":"<!-- This site is optimized with the Yoast SEO plugin v19.6 - https:\/\/yoast.com\/wordpress\/plugins\/seo\/ -->\n<title>SNB Lektionen - Patrick the Guide<\/title>\n<meta name=\"robots\" content=\"index, follow, max-snippet:-1, max-image-preview:large, max-video-preview:-1\" \/>\n<link rel=\"canonical\" href=\"https:\/\/patriktheguide.com\/de\/snb-lektionen\/\" \/>\n<meta property=\"og:locale\" content=\"de_DE\" \/>\n<meta property=\"og:type\" content=\"article\" \/>\n<meta property=\"og:title\" content=\"SNB Lektionen - Patrick the Guide\" \/>\n<meta property=\"og:description\" content=\"Es f\u00fchlt sich wie gestern an, wenn ich mein erstes eigenes Snowboard bekommen habe und es ist tats\u00e4chlich mehr als 15 Jahre her. Damals hatten wir wirklich viel Spa\u00df mit unseren Freunden. Wir gingen unter der Woche zur Schule und am Wochenende versuchten wir so oft wie m\u00f6glich in die Berge zu fahren. Niemand war [&hellip;]\" \/>\n<meta property=\"og:url\" content=\"https:\/\/patriktheguide.com\/de\/snb-lektionen\/\" \/>\n<meta property=\"og:site_name\" content=\"Patrick the Guide\" \/>\n<meta property=\"article:modified_time\" content=\"2022-08-12T19:00:18+00:00\" \/>\n<meta property=\"og:image\" content=\"https:\/\/patriktheguide.com\/wp-content\/uploads\/2022\/07\/male-snowboarder-dangerous-downhill-action-1.jpg\" \/>\n<meta name=\"twitter:card\" content=\"summary_large_image\" \/>\n<meta name=\"twitter:label1\" content=\"Gesch\u00e4tzte Lesezeit\" \/>\n\t<meta name=\"twitter:data1\" content=\"1\u00a0Minute\" \/>\n<script type=\"application\/ld+json\" class=\"yoast-schema-graph\">{\"@context\":\"https:\/\/schema.org\",\"@graph\":[{\"@type\":\"WebPage\",\"@id\":\"https:\/\/patriktheguide.com\/de\/snb-lektionen\/\",\"url\":\"https:\/\/patriktheguide.com\/de\/snb-lektionen\/\",\"name\":\"SNB Lektionen - Patrick the Guide\",\"isPartOf\":{\"@id\":\"https:\/\/patriktheguide.com\/de\/#website\"},\"datePublished\":\"2021-11-25T21:32:24+00:00\",\"dateModified\":\"2022-08-12T19:00:18+00:00\",\"breadcrumb\":{\"@id\":\"https:\/\/patriktheguide.com\/de\/snb-lektionen\/#breadcrumb\"},\"inLanguage\":\"de\",\"potentialAction\":[{\"@type\":\"ReadAction\",\"target\":[\"https:\/\/patriktheguide.com\/de\/snb-lektionen\/\"]}]},{\"@type\":\"BreadcrumbList\",\"@id\":\"https:\/\/patriktheguide.com\/de\/snb-lektionen\/#breadcrumb\",\"itemListElement\":[{\"@type\":\"ListItem\",\"position\":1,\"name\":\"Domovsk\u00e1 str\u00e1nka\",\"item\":\"https:\/\/patriktheguide.com\/de\/\"},{\"@type\":\"ListItem\",\"position\":2,\"name\":\"SNB Lektionen\"}]},{\"@type\":\"WebSite\",\"@id\":\"https:\/\/patriktheguide.com\/de\/#website\",\"url\":\"https:\/\/patriktheguide.com\/de\/\",\"name\":\"Patrick the Guide\",\"description\":\"\",\"publisher\":{\"@id\":\"https:\/\/patriktheguide.com\/de\/#organization\"},\"potentialAction\":[{\"@type\":\"SearchAction\",\"target\":{\"@type\":\"EntryPoint\",\"urlTemplate\":\"https:\/\/patriktheguide.com\/de\/?s={search_term_string}\"},\"query-input\":\"required name=search_term_string\"}],\"inLanguage\":\"de\"},{\"@type\":\"Organization\",\"@id\":\"https:\/\/patriktheguide.com\/de\/#organization\",\"name\":\"Patrick the Guide\",\"url\":\"https:\/\/patriktheguide.com\/de\/\",\"sameAs\":[],\"logo\":{\"@type\":\"ImageObject\",\"inLanguage\":\"de\",\"@id\":\"https:\/\/patriktheguide.com\/de\/#\/schema\/logo\/image\/\",\"url\":\"https:\/\/patriktheguide.com\/wp-content\/uploads\/2021\/05\/Patrik_the_Guide_Logo_c_Black-e1682606236359.png\",\"contentUrl\":\"https:\/\/patriktheguide.com\/wp-content\/uploads\/2021\/05\/Patrik_the_Guide_Logo_c_Black-e1682606236359.png\",\"width\":350,\"height\":350,\"caption\":\"Patrick the Guide\"},\"image\":{\"@id\":\"https:\/\/patriktheguide.com\/de\/#\/schema\/logo\/image\/\"}}]}<\/script>\n<!-- \/ Yoast SEO plugin. -->","yoast_head_json":{"title":"SNB Lektionen - Patrick the Guide","robots":{"index":"index","follow":"follow","max-snippet":"max-snippet:-1","max-image-preview":"max-image-preview:large","max-video-preview":"max-video-preview:-1"},"canonical":"https:\/\/patriktheguide.com\/de\/snb-lektionen\/","og_locale":"de_DE","og_type":"article","og_title":"SNB Lektionen - Patrick the Guide","og_description":"Es f\u00fchlt sich wie gestern an, wenn ich mein erstes eigenes Snowboard bekommen habe und es ist tats\u00e4chlich mehr als 15 Jahre her. Damals hatten wir wirklich viel Spa\u00df mit unseren Freunden. Wir gingen unter der Woche zur Schule und am Wochenende versuchten wir so oft wie m\u00f6glich in die Berge zu fahren. Niemand war [&hellip;]","og_url":"https:\/\/patriktheguide.com\/de\/snb-lektionen\/","og_site_name":"Patrick the Guide","article_modified_time":"2022-08-12T19:00:18+00:00","og_image":[{"url":"https:\/\/patriktheguide.com\/wp-content\/uploads\/2022\/07\/male-snowboarder-dangerous-downhill-action-1.jpg"}],"twitter_card":"summary_large_image","twitter_misc":{"Gesch\u00e4tzte Lesezeit":"1\u00a0Minute"},"schema":{"@context":"https:\/\/schema.org","@graph":[{"@type":"WebPage","@id":"https:\/\/patriktheguide.com\/de\/snb-lektionen\/","url":"https:\/\/patriktheguide.com\/de\/snb-lektionen\/","name":"SNB Lektionen - Patrick the Guide","isPartOf":{"@id":"https:\/\/patriktheguide.com\/de\/#website"},"datePublished":"2021-11-25T21:32:24+00:00","dateModified":"2022-08-12T19:00:18+00:00","breadcrumb":{"@id":"https:\/\/patriktheguide.com\/de\/snb-lektionen\/#breadcrumb"},"inLanguage":"de","potentialAction":[{"@type":"ReadAction","target":["https:\/\/patriktheguide.com\/de\/snb-lektionen\/"]}]},{"@type":"BreadcrumbList","@id":"https:\/\/patriktheguide.com\/de\/snb-lektionen\/#breadcrumb","itemListElement":[{"@type":"ListItem","position":1,"name":"Domovsk\u00e1 str\u00e1nka","item":"https:\/\/patriktheguide.com\/de\/"},{"@type":"ListItem","position":2,"name":"SNB Lektionen"}]},{"@type":"WebSite","@id":"https:\/\/patriktheguide.com\/de\/#website","url":"https:\/\/patriktheguide.com\/de\/","name":"Patrick the Guide","description":"","publisher":{"@id":"https:\/\/patriktheguide.com\/de\/#organization"},"potentialAction":[{"@type":"SearchAction","target":{"@type":"EntryPoint","urlTemplate":"https:\/\/patriktheguide.com\/de\/?s={search_term_string}"},"query-input":"required name=search_term_string"}],"inLanguage":"de"},{"@type":"Organization","@id":"https:\/\/patriktheguide.com\/de\/#organization","name":"Patrick the Guide","url":"https:\/\/patriktheguide.com\/de\/","sameAs":[],"logo":{"@type":"ImageObject","inLanguage":"de","@id":"https:\/\/patriktheguide.com\/de\/#\/schema\/logo\/image\/","url":"https:\/\/patriktheguide.com\/wp-content\/uploads\/2021\/05\/Patrik_the_Guide_Logo_c_Black-e1682606236359.png","contentUrl":"https:\/\/patriktheguide.com\/wp-content\/uploads\/2021\/05\/Patrik_the_Guide_Logo_c_Black-e1682606236359.png","width":350,"height":350,"caption":"Patrick the Guide"},"image":{"@id":"https:\/\/patriktheguide.com\/de\/#\/schema\/logo\/image\/"}}]}},"_links":{"self":[{"href":"https:\/\/patriktheguide.com\/de\/wp-json\/wp\/v2\/pages\/819","targetHints":{"allow":["GET"]}}],"collection":[{"href":"https:\/\/patriktheguide.com\/de\/wp-json\/wp\/v2\/pages"}],"about":[{"href":"https:\/\/patriktheguide.com\/de\/wp-json\/wp\/v2\/types\/page"}],"author":[{"embeddable":true,"href":"https:\/\/patriktheguide.com\/de\/wp-json\/wp\/v2\/users\/1"}],"replies":[{"embeddable":true,"href":"https:\/\/patriktheguide.com\/de\/wp-json\/wp\/v2\/comments?post=819"}],"version-history":[{"count":1,"href":"https:\/\/patriktheguide.com\/de\/wp-json\/wp\/v2\/pages\/819\/revisions"}],"predecessor-version":[{"id":820,"href":"https:\/\/patriktheguide.com\/de\/wp-json\/wp\/v2\/pages\/819\/revisions\/820"}],"wp:attachment":[{"href":"https:\/\/patriktheguide.com\/de\/wp-json\/wp\/v2\/media?parent=819"}],"curies":[{"name":"wp","href":"https:\/\/api.w.org\/{rel}","templated":true}]}}